{"id":1172,"date":"2025-09-26T14:54:04","date_gmt":"2025-09-26T12:54:04","guid":{"rendered":"https:\/\/maisonavendreauportugal.fr\/?page_id=1172"},"modified":"2025-10-03T14:32:16","modified_gmt":"2025-10-03T12:32:16","slug":"immobilier-a-lisbonne-le-guide-complet-pour-acheter-dans-la-capitale","status":"publish","type":"page","link":"https:\/\/maisonavendreauportugal.fr\/pt\/immobilier-a-lisbonne-le-guide-complet-pour-acheter-dans-la-capitale\/","title":{"rendered":"Immobilier Lisbonne"},"content":{"rendered":"<div data-elementor-type=\"wp-page\" data-elementor-id=\"1172\" class=\"elementor elementor-1172\" data-elementor-post-type=\"page\">\n\t\t\t\t<div class=\"elementor-element elementor-element-252f1cd e-flex e-con-boxed e-con e-parent\" data-id=\"252f1cd\" data-element_type=\"container\" data-settings=\"{&quot;jet_parallax_layout_list&quot;:[]}\">\n\t\t\t\t\t<div class=\"e-con-inner\">\n\t\t\t\t<div class=\"elementor-element elementor-element-8376d49 elementor-widget elementor-widget-html\" data-id=\"8376d49\" data-element_type=\"widget\" data-widget_type=\"html.default\">\n\t\t\t\t<div class=\"elementor-widget-container\">\n\t\t\t\t\t<link rel=\"preconnect\" href=\"https:\/\/fonts.googleapis.com\">\r\n<link rel=\"preconnect\" href=\"https:\/\/fonts.gstatic.com\" crossorigin>\r\n<link href=\"https:\/\/fonts.googleapis.com\/css2?family=Sora:wght@400;600;800&display=swap\" rel=\"stylesheet\">\r\n\r\n<!-- PERFORMANCE: CSS Cr\u00edtico inline (apenas above-the-fold) -->\r\n<style>\r\n:root{--color-primary:#012040;--color-text:#101010;--font-family:'Sora',sans-serif;--spacing-lg:24px;--spacing-md:16px}.guide-complet{max-width:800px;margin:0 auto;padding:20px}.guide-h1{font-family:var(--font-family);font-weight:800;font-size:36px;color:var(--color-primary);line-height:1.2;margin-bottom:24px;text-align:center}.guide-hero-image{width:100%;margin:24px 0 32px 0;text-align:center}.hero-img{width:100%;height:auto;border-radius:12px;box-shadow:0 4px 12px rgba(1,32,64,.15);display:block}.guide-intro{font-family:var(--font-family);font-weight:400;font-size:18px;color:var(--color-text);line-height:1.7;margin-bottom:40px;background:#f8f9fa;padding:24px;border-radius:8px;border-left:4px solid var(--color-primary)}.skip-link{position:absolute;top:-40px;left:8px;z-index:1000;background:var(--color-primary);color:white;padding:8px 16px;text-decoration:none;border-radius:0 0 4px 4px;font-weight:600;transition:top .3s}.skip-link:focus{top:0;outline:3px solid #ffd700;outline-offset:2px}\r\n<\/style>\r\n\r\n<!-- EAA: Skip navigation link -->\r\n<a href=\"#main-content\" class=\"skip-link\">Aller au contenu principal<\/a>\r\n\r\n<main id=\"main-content\" role=\"main\" aria-label=\"Immobilier \u00e0 Lisbonne : Le guide complet pour acheter dans la capitale\">\r\n    <article class=\"guide-complet\">\r\n        <header class=\"guide-section\">\r\n            <h1 class=\"guide-h1\">Immobilier \u00e0 Lisbonne : Le guide complet pour acheter dans la capitale<\/h1>\r\n\r\n            <div class=\"guide-hero-image\">\r\n                <img decoding=\"async\" src=\"https:\/\/maisonavendreauportugal.fr\/wp-content\/uploads\/2025\/10\/Immobilier-lisbonne-scaled.jpg\"\r\n                     alt=\"Vue panoramique de Lisbonne avec le Tage - Guide complet immobilier dans la capitale portugaise\"\r\n                     class=\"hero-img\"\r\n                     loading=\"lazy\"\r\n                     role=\"img\"\r\n                     aria-describedby=\"hero-image-description\">\r\n            <\/div>\r\n\r\n            <div id=\"hero-image-description\" class=\"sr-only\">\r\n                Vue a\u00e9rienne de Lisbonne au cr\u00e9puscule, montrant les toits du quartier de l'Alfama, le Panth\u00e9on National et le fleuve Tage en arri\u00e8re-plan, illustrant le march\u00e9 immobilier de la capitale.\r\n            <\/div>\r\n\r\n            <div class=\"guide-intro\" role=\"region\" aria-label=\"Introduction du guide\">\r\n                <p>L'immobilier \u00e0 Lisbonne attire aujourd'hui investisseurs et acheteurs du monde entier, s\u00e9duits par cette capitale europ\u00e9enne dynamique qui combine histoire mill\u00e9naire et modernit\u00e9. Entre ses quartiers historiques aux ruelles pav\u00e9es, ses zones r\u00e9sidentielles familiales et ses districts d'affaires contemporains, Lisbonne offre une palette unique d'opportunit\u00e9s immobili\u00e8res. Ce guide complet vous d\u00e9voile tout ce qu'il faut savoir pour r\u00e9ussir votre achat dans cette m\u00e9tropole ensoleill\u00e9e en pleine expansion.<\/p>\r\n            <\/div>\r\n        <\/header>\r\n\r\n        <nav role=\"navigation\" aria-label=\"Sommaire du guide\">\r\n            <h2 class=\"guide-h2\" id=\"sommaire\">Sommaire<\/h2>\r\n            <ul class=\"guide-list\">\r\n                <li><a href=\"#pourquoi-lisbonne\">Pourquoi Lisbonne s\u00e9duit<\/a><\/li>\r\n                <li><a href=\"#guide-quartiers\">Guide des Meilleurs Quartiers<\/a><\/li>\r\n                <li><a href=\"#prix-immobilier\">Analyse des Prix au m\u00b2<\/a><\/li>\r\n                <li><a href=\"#environs\">Au-del\u00e0 du centre : Cascais et Sintra<\/a><\/li>\r\n                <li><a href=\"#faq\">FAQ - Acheter \u00e0 Lisbonne<\/a><\/li>\r\n            <\/ul>\r\n        <\/nav>\r\n\r\n        <section class=\"guide-section\" id=\"pourquoi-lisbonne\" aria-labelledby=\"title-pourquoi-lisbonne\">\r\n            <h2 class=\"guide-h2\" id=\"title-pourquoi-lisbonne\">Pourquoi Lisbonne continue de s\u00e9duire les acheteurs du monde entier ?<\/h2>\r\n            <p class=\"guide-text\">Lisbonne n'est plus un secret bien gard\u00e9, c'est une m\u00e9tropole europ\u00e9enne de premier plan qui attire les investisseurs, les expatri\u00e9s et les familles gr\u00e2ce \u00e0 un m\u00e9lange unique d'atouts :<\/p>\r\n\r\n            <ul class=\"guide-list\" aria-label=\"Atouts de Lisbonne pour les acheteurs immobiliers\">\r\n                <li><strong>Dynamisme \u00e9conomique :<\/strong> Un hub technologique en pleine croissance, attirant des entreprises et des talents du monde entier.<\/li>\r\n                <li><strong>Richesse culturelle :<\/strong> Une histoire palpable \u00e0 chaque coin de rue, une sc\u00e8ne artistique vibrante et une architecture fascinante.<\/li>\r\n                <li><strong>Gastronomie de renomm\u00e9e :<\/strong> Des march\u00e9s traditionnels comme le Mercado da Ribeira aux restaurants \u00e9toil\u00e9s Michelin.<\/li>\r\n                <li><strong>Qualit\u00e9 de vie :<\/strong> Une atmosph\u00e8re \u00e0 la fois d\u00e9tendue et cosmopolite, avec un climat agr\u00e9able et le Tage en toile de fond.<\/li>\r\n            <\/ul>\r\n\r\n            <p class=\"guide-text\">Avant de plonger dans les sp\u00e9cificit\u00e9s de la capitale, assurez-vous de conna\u00eetre les bases en consultant notre <a href=\"\/pt\/guide-complet-acheter-maison-portugal\/\">guide complet pour acheter une maison au Portugal<\/a>.<\/p>\r\n        <\/section>\r\n\r\n        <section class=\"guide-section\" id=\"guide-quartiers\" aria-labelledby=\"title-guide-quartiers\">\r\n            <h2 class=\"guide-h2\" id=\"title-guide-quartiers\">Le Guide des Meilleurs Quartiers de Lisbonne o\u00f9 Investir<\/h2>\r\n            <p class=\"guide-text\">Le secret pour bien acheter \u00e0 Lisbonne est de comprendre la personnalit\u00e9 de chaque quartier.<\/p>\r\n\r\n            <h3 class=\"guide-h3\">Le Triangle d'Or (Chiado, Pr\u00edncipe Real, Avenida da Liberdade) : Le luxe et l'exclusivit\u00e9<\/h3>\r\n            <p class=\"guide-text\">C'est le c\u0153ur du luxe lisbo\u00e8te. On y trouve les boutiques de cr\u00e9ateurs, les h\u00f4tels cinq \u00e9toiles et les appartements les plus chers de la ville, souvent dans de magnifiques immeubles pombalins r\u00e9nov\u00e9s.<\/p>\r\n\r\n            <h3 class=\"guide-h3\">Les Quartiers Historiques (Alfama, Gra\u00e7a, Mouraria) : Le charme de l'authentique<\/h3>\r\n            <p class=\"guide-text\">Avec leurs ruelles sinueuses, leurs maisons color\u00e9es et le son du Fado, ces quartiers offrent une immersion dans l'\u00e2me de Lisbonne. Id\u00e9al pour un investissement locatif touristique.<\/p>\r\n\r\n            <h3 class=\"guide-h3\">Les Quartiers Familiaux (Campo de Ourique, Estrela, Alvalade) : La vie de quartier par excellence<\/h3>\r\n            <p class=\"guide-text\">Ces quartiers sont tr\u00e8s pris\u00e9s des familles portugaises et expatri\u00e9es pour leur ambiance de \"village dans la ville\", leurs parcs (Jardim da Estrela), leurs \u00e9coles et leurs commerces de proximit\u00e9.<\/p>\r\n\r\n            <h3 class=\"guide-h3\">Les Quartiers Modernes (Parque das Na\u00e7\u00f5es, Avenidas Novas) : Pour les affaires et la vie contemporaine<\/h3>\r\n            <p class=\"guide-text\">Parque das Na\u00e7\u00f5es, construit pour l'Expo '98, offre une architecture moderne, de grands espaces verts et des appartements avec toutes les commodit\u00e9s. Avenidas Novas est un quartier plus central et bourgeois, avec de grands appartements parfaits pour les familles.<\/p>\r\n        <\/section>\r\n\r\n        <section class=\"guide-section\" id=\"prix-immobilier\" aria-labelledby=\"title-prix-immobilier\">\r\n            <h2 class=\"guide-h2\" id=\"title-prix-immobilier\">Le March\u00e9 Immobilier de Lisbonne : Analyse des Prix au m\u00b2<\/h2>\r\n            <p class=\"guide-text\">Lisbonne est le march\u00e9 le plus cher du Portugal. Les prix varient \u00e9norm\u00e9ment d'un quartier \u00e0 l'autre.<\/p>\r\n\r\n            <div class=\"data-table-wrapper\" role=\"region\" aria-label=\"Tableau des prix immobiliers moyens par quartier \u00e0 Lisbonne\">\r\n                <table class=\"data-table\" role=\"table\" aria-describedby=\"table-prices-description\">\r\n                    <caption id=\"table-prices-description\">Analyse des prix moyens au m\u00e8tre carr\u00e9 pour un appartement r\u00e9nov\u00e9 dans les principaux quartiers de Lisbonne.<\/caption>\r\n                    <thead>\r\n                        <tr>\r\n                            <th scope=\"col\" id=\"district-col\">Quartier<\/th>\r\n                            <th scope=\"col\" id=\"price-col\">Prix Moyen \/ m\u00b2 (Appartement r\u00e9nov\u00e9)<\/th>\r\n                            <th scope=\"col\" id=\"profile-col\">Profil d'acheteur<\/th>\r\n                        <\/tr>\r\n                    <\/thead>\r\n                    <tbody>\r\n                        <tr>\r\n                            <td headers=\"district-col\">Chiado \/ Pr\u00edncipe Real<\/td>\r\n                            <td headers=\"price-col\">9 000 \u20ac - 12 000 \u20ac+<\/td>\r\n                            <td headers=\"profile-col\">Investissement de luxe, pied-\u00e0-terre<\/td>\r\n                        <\/tr>\r\n                        <tr>\r\n                            <td headers=\"district-col\">Alfama \/ Gra\u00e7a<\/td>\r\n                            <td headers=\"price-col\">6 000 \u20ac - 8 000 \u20ac<\/td>\r\n                            <td headers=\"profile-col\">Investissement locatif touristique, charme<\/td>\r\n                        <\/tr>\r\n                        <tr>\r\n                            <td headers=\"district-col\">Campo de Ourique \/ Estrela<\/td>\r\n                            <td headers=\"price-col\">7 000 \u20ac - 9 000 \u20ac<\/td>\r\n                            <td headers=\"profile-col\">Familles, expatri\u00e9s r\u00e9sidents<\/td>\r\n                        <\/tr>\r\n                        <tr>\r\n                            <td headers=\"district-col\">Avenidas Novas<\/td>\r\n                            <td headers=\"price-col\">7 500 \u20ac - 9 500 \u20ac<\/td>\r\n                            <td headers=\"profile-col\">Professionnels, familles ais\u00e9es<\/td>\r\n                        <\/tr>\r\n                        <tr>\r\n                            <td headers=\"district-col\">Parque das Na\u00e7\u00f5es<\/td>\r\n                            <td headers=\"price-col\">6 500 \u20ac - 8 500 \u20ac<\/td>\r\n                            <td headers=\"profile-col\">Familles, investisseurs (location longue dur\u00e9e)<\/td>\r\n                        <\/tr>\r\n                    <\/tbody>\r\n                <\/table>\r\n            <\/div>\r\n        <\/section>\r\n\r\n        <section class=\"guide-section\" id=\"environs\" aria-labelledby=\"title-environs\">\r\n            <h2 class=\"guide-h2\" id=\"title-environs\">Au-del\u00e0 du centre : Cascais et Sintra<\/h2>\r\n            <p class=\"guide-text\">La r\u00e9gion de Lisbonne ne s'arr\u00eate pas \u00e0 la ville. Deux joyaux \u00e0 proximit\u00e9 attirent de nombreux acheteurs.<\/p>\r\n\r\n            <h3 class=\"guide-h3\">Cascais & Estoril : La Riviera portugaise<\/h3>\r\n            <p class=\"guide-text\">Anciens villages de p\u00eacheurs devenus des stations baln\u00e9aires chics, Cascais et Estoril offrent un style de vie tourn\u00e9 vers la mer, avec des plages, des marinas et des golfs. D\u00e9couvrez notre futur guide sur les <a href=\"\/pt\/immobilier-lisbonne\/maison-a-vendre-cascais\/\">maisons \u00e0 vendre \u00e0 Cascais<\/a>.<\/p>\r\n\r\n            <h3 class=\"guide-h3\">Sintra : La magie des palais et de la nature<\/h3>\r\n            <p class=\"guide-text\">Class\u00e9e au patrimoine mondial de l'UNESCO, Sintra est une ville romantique avec des palais de conte de f\u00e9es et une for\u00eat luxuriante. Id\u00e9ale pour ceux qui cherchent le calme et l'histoire. Explorez bient\u00f4t notre guide sur les <a href=\"\/pt\/immobilier-lisbonne\/maison-a-vendre-sintra\/\">maisons \u00e0 vendre \u00e0 Sintra<\/a>.<\/p>\r\n        <\/section>\r\n\r\n        <section class=\"guide-section\" id=\"faq\" aria-labelledby=\"faq-title\">\r\n            <h2 class=\"guide-h2\" id=\"faq-title\">FAQ - Acheter \u00e0 Lisbonne<\/h2>\r\n            <dl class=\"faq-list\" role=\"list\" aria-label=\"Questions fr\u00e9quemment pos\u00e9es sur l'achat immobilier \u00e0 Lisbonne\">\r\n                <div role=\"listitem\">\r\n                    <dt class=\"faq-question\" id=\"question-1\">L'ascenseur est-il courant dans les immeubles du centre historique ?<\/dt>\r\n                    <dd class=\"faq-answer\" aria-labelledby=\"question-1\">Non, c'est m\u00eame un crit\u00e8re de luxe. La plupart des immeubles anciens \u00e0 Alfama ou Gra\u00e7a n'ont pas d'ascenseur, ce qui est un point crucial \u00e0 v\u00e9rifier avant d'acheter.<\/dd>\r\n                <\/div>\r\n                <div role=\"listitem\">\r\n                    <dt class=\"faq-question\" id=\"question-2\">Qu'est-ce que le \"Golden Visa\" et s'applique-t-il encore \u00e0 Lisbonne ?<\/dt>\r\n                    <dd class=\"faq-answer\" aria-labelledby=\"question-2\">Le programme Golden Visa permettait d'obtenir une r\u00e9sidence en \u00e9change d'un investissement immobilier. Depuis 2023, l'achat de biens r\u00e9sidentiels \u00e0 Lisbonne, Porto et sur le littoral n'est plus \u00e9ligible pour ce programme.<\/dd>\r\n                <\/div>\r\n                <div role=\"listitem\">\r\n                    <dt class=\"faq-question\" id=\"question-3\">Est-il facile de se garer dans le centre de Lisbonne ?<\/dt>\r\n                    <dd class=\"faq-answer\" aria-labelledby=\"question-3\">Non, c'est tr\u00e8s difficile et cher. Poss\u00e9der une place de parking ou un garage est un v\u00e9ritable luxe qui ajoute une valeur consid\u00e9rable \u00e0 un bien immobilier.<\/dd>\r\n                <\/div>\r\n            <\/dl>\r\n        <\/section>\r\n\r\n        <footer class=\"guide-section\" role=\"contentinfo\" id=\"conclusion\" aria-labelledby=\"title-conclusion\">\r\n            <h2 class=\"guide-h2 sr-only\" id=\"title-conclusion\">Conclusion<\/h2>\r\n            <p class=\"guide-text\">Pour plus d'informations sur la ville, consultez le site officiel de <a href=\"https:\/\/www.visitlisboa.com\/\" target=\"_blank\" rel=\"noopener noreferrer\">Visit Lisboa<\/a>.<\/p>\r\n            <p class=\"guide-text\">Lisbonne est une capitale vibrante offrant un quartier pour chaque projet de vie. Que vous cherchiez le charme historique, le luxe moderne ou une vie de famille paisible, vous le trouverez ici. Commencez \u00e0 explorer les possibilit\u00e9s d\u00e8s aujourd'hui.<\/p>\r\n        <\/footer>\r\n    <\/article>\r\n<\/main>\r\n\r\n<!-- PERFORMANCE: CSS N\u00e3o-cr\u00edtico carregado no final -->\r\n<style>\r\n.data-table-wrapper{overflow-x:auto;margin:20px 0;position:relative}.data-table-wrapper:focus-within{outline:2px solid #0066cc;outline-offset:2px}.data-table{width:100%;border-collapse:collapse;font-family:var(--font-family);font-size:14px;background:white;border-radius:8px;overflow:hidden;box-shadow:0 2px 8px rgba(0,0,0,.1);border:2px solid #ddd}.data-table caption{font-size:16px;font-weight:600;color:var(--color-primary);margin-bottom:12px;text-align:left;padding:8px 0}.data-table th{background:var(--color-primary);color:white;font-weight:600;padding:12px 16px;text-align:left;border-right:1px solid #ffffff20}.data-table th:last-child{border-right:none}.data-table td{padding:12px 16px;border-bottom:1px solid #eee;color:var(--color-text);border-right:1px solid #eee}.data-table td:last-child{border-right:none}.data-table tr:nth-child(even){background:#f8f9fa}.data-table th:focus,.data-table td:focus{outline:3px solid #0066cc;outline-offset:-2px;background-color:#e6f3ff}*:focus{outline:3px solid #0066cc;outline-offset:2px;box-shadow:0 0 0 1px rgba(0,102,204,.2)}.guide-section{margin-bottom:40px}.guide-h2{font-family:var(--font-family);font-weight:800;font-size:28px;color:var(--color-primary);line-height:1.3;margin-bottom:20px;margin-top:40px}.guide-h3{font-family:var(--font-family);font-weight:600;font-size:20px;color:var(--color-primary);line-height:1.4;margin-bottom:12px;margin-top:24px}.guide-text{font-family:var(--font-family);font-weight:400;font-size:16px;color:var(--color-text);line-height:1.7;margin-bottom:var(--spacing-md)}.guide-text strong{color:var(--color-primary);font-weight:700}.guide-text a{color:#0066cc;text-decoration:underline;transition:all .2s ease}.guide-text a:hover{color:#004499;background-color:#e6f3ff;padding:2px 4px;border-radius:3px}.guide-text a:focus{color:#004499;background-color:#cce7ff;padding:2px 4px;border-radius:3px;outline:3px solid #0066cc;outline-offset:2px}.guide-text a[target=_blank]::after{content:\" (ouvre dans un nouvel onglet)\";font-size:.85em;color:#666;font-weight:400}.guide-list{font-family:var(--font-family);font-weight:400;font-size:16px;color:var(--color-text);line-height:1.7;padding-left:20px;list-style-type:disc}.guide-list li{margin-bottom:var(--spacing-md)}.guide-ordered-list{font-family:var(--font-family);font-weight:400;font-size:16px;color:var(--color-text);line-height:1.7;padding-left:20px}.guide-ordered-list li{margin-bottom:var(--spacing-md)}.faq-list{margin:20px 0}.faq-question{font-family:var(--font-family);font-weight:600;font-size:16px;color:var(--color-primary);margin-bottom:8px;margin-top:20px;padding:8px 0;border-bottom:1px solid #e0e0e0}.faq-answer{font-family:var(--font-family);font-weight:400;font-size:16px;color:var(--color-text);line-height:1.7;margin-bottom:var(--spacing-md);margin-left:0;padding:8px 16px;background:#fafafa;border-left:3px solid var(--color-primary)}.hero-img:focus{outline:3px solid #0066cc;outline-offset:4px}@media (prefers-contrast:high){.guide-text a{color:#0000ff;font-weight:600}.guide-h1,.guide-h2,.guide-h3{color:#000}.data-table th{background:#000;color:#fff}}@media (prefers-reduced-motion:reduce){.guide-text a,.skip-link{transition:none}}@media (max-width:768px){.guide-h1{font-size:28px}.guide-h2{font-size:24px}.guide-h3{font-size:18px}.guide-intro{font-size:16px;padding:16px}.guide-hero-image{margin:20px 0 24px 0}.data-table{font-size:12px}.data-table th,.data-table td{padding:8px 12px}.guide-text a[target=_blank]::after{display:none}}@media (max-width:480px){.guide-h1{font-size:24px}.guide-h2{font-size:20px}.data-table{font-size:11px}.data-table th,.data-table td{padding:6px 8px}}\r\n<\/style>\r\n\r\n<!-- EAA: Hidden class for screen reader only content -->\r\n<style>\r\n.sr-only{position:absolute;width:1px;height:1px;padding:0;margin:-1px;overflow:hidden;clip:rect(0,0,0,0);white-space:nowrap;border:0}\r\n<\/style>\t\t\t\t<\/div>\n\t\t\t\t<\/div>\n\t\t\t\t\t<\/div>\n\t\t\t\t<\/div>\n\t\t\t\t<\/div>","protected":false},"excerpt":{"rendered":"<p>Aller au contenu principal Immobilier \u00e0 Lisbonne : Le guide complet pour acheter dans la capitale Vue a\u00e9rienne de Lisbonne au cr\u00e9puscule, montrant les toits du quartier de l&rsquo;Alfama, le Panth\u00e9on National et le fleuve Tage en arri\u00e8re-plan, illustrant le march\u00e9 immobilier de la capitale. L&rsquo;immobilier \u00e0 Lisbonne attire aujourd&rsquo;hui investisseurs et acheteurs du monde [&hellip;]<\/p>","protected":false},"author":6,"featured_media":0,"parent":0,"menu_order":0,"comment_status":"closed","ping_status":"closed","template":"","meta":{"footnotes":""},"class_list":["post-1172","page","type-page","status-publish","hentry"],"_links":{"self":[{"href":"https:\/\/maisonavendreauportugal.fr\/pt\/wp-json\/wp\/v2\/pages\/1172","targetHints":{"allow":["GET"]}}],"collection":[{"href":"https:\/\/maisonavendreauportugal.fr\/pt\/wp-json\/wp\/v2\/pages"}],"about":[{"href":"https:\/\/maisonavendreauportugal.fr\/pt\/wp-json\/wp\/v2\/types\/page"}],"author":[{"embeddable":true,"href":"https:\/\/maisonavendreauportugal.fr\/pt\/wp-json\/wp\/v2\/users\/6"}],"replies":[{"embeddable":true,"href":"https:\/\/maisonavendreauportugal.fr\/pt\/wp-json\/wp\/v2\/comments?post=1172"}],"version-history":[{"count":10,"href":"https:\/\/maisonavendreauportugal.fr\/pt\/wp-json\/wp\/v2\/pages\/1172\/revisions"}],"predecessor-version":[{"id":1258,"href":"https:\/\/maisonavendreauportugal.fr\/pt\/wp-json\/wp\/v2\/pages\/1172\/revisions\/1258"}],"wp:attachment":[{"href":"https:\/\/maisonavendreauportugal.fr\/pt\/wp-json\/wp\/v2\/media?parent=1172"}],"curies":[{"name":"wp","href":"https:\/\/api.w.org\/{rel}","templated":true}]}}