{"id":1188,"date":"2025-09-26T15:25:05","date_gmt":"2025-09-26T13:25:05","guid":{"rendered":"https:\/\/maisonavendreauportugal.fr\/?page_id=1188"},"modified":"2025-10-03T14:50:36","modified_gmt":"2025-10-03T12:50:36","slug":"types-de-biens-immobiliers-au-portugal-le-guide","status":"publish","type":"page","link":"https:\/\/maisonavendreauportugal.fr\/pt\/types-de-biens-immobiliers-au-portugal-le-guide\/","title":{"rendered":"Types de biens immobiliers au Portugal"},"content":{"rendered":"<div data-elementor-type=\"wp-page\" data-elementor-id=\"1188\" class=\"elementor elementor-1188\" data-elementor-post-type=\"page\">\n\t\t\t\t<div class=\"elementor-element elementor-element-968d8ce e-flex e-con-boxed e-con e-parent\" data-id=\"968d8ce\" data-element_type=\"container\" data-settings=\"{&quot;jet_parallax_layout_list&quot;:[]}\">\n\t\t\t\t\t<div class=\"e-con-inner\">\n\t\t\t\t<div class=\"elementor-element elementor-element-f52a55d elementor-widget elementor-widget-html\" data-id=\"f52a55d\" data-element_type=\"widget\" data-widget_type=\"html.default\">\n\t\t\t\t<div class=\"elementor-widget-container\">\n\t\t\t\t\t <link rel=\"preconnect\" href=\"https:\/\/fonts.googleapis.com\">\r\n  <link rel=\"preconnect\" href=\"https:\/\/fonts.gstatic.com\" crossorigin>\r\n  <link href=\"https:\/\/fonts.googleapis.com\/css2?family=Sora:wght@400;600;800&display=swap\" rel=\"stylesheet\">\r\n\r\n  <article class=\"guide-complet\">\r\n      <section class=\"guide-section\">\r\n          <h1 class=\"guide-h1\">Types de Biens Immobiliers au Portugal : Le Guide Complet pour Choisir<\/h1>\r\n\r\n          <!-- INSERIR URL DA IMAGEM AQUI -->\r\n          <div class=\"guide-hero-image\">\r\n              <img decoding=\"async\" src=\"https:\/\/maisonavendreauportugal.fr\/wp-content\/uploads\/2025\/02\/maison-de-luxe-et-maison-traditionnel.webp\" alt=\"Diff\u00e9rents types de biens immobiliers au Portugal - appartements, villas, quintas  traditionnelles\" class=\"hero-img\" loading=\"lazy\">\r\n          <\/div>\r\n\r\n          <p class=\"guide-intro\">Les types de biens immobiliers au Portugal offrent une richesse et une diversit\u00e9 uniques en Europe, allant    \r\n   du studio moderne en centre-ville historique \u00e0 la quinta centenaire au c\u0153ur des vignobles. Cette vari\u00e9t\u00e9 architecturale et culturelle,      \r\n  h\u00e9rit\u00e9e de si\u00e8cles d'histoire, permet aujourd'hui \u00e0 chaque acheteur de trouver la propri\u00e9t\u00e9 qui correspond parfaitement \u00e0 son projet de      \r\n  vie et \u00e0 son budget. Ce guide complet vous accompagne dans la compr\u00e9hension de tous les types de biens disponibles pour faire le choix le    \r\n   plus \u00e9clair\u00e9.<\/p>\r\n\r\n          <section class=\"guide-section\">\r\n              <h2 class=\"guide-h2\">Comprendre la Terminologie de Base : T0, T1, T2...<\/h2>\r\n              <p class=\"guide-text\">Avant de plonger dans les types de biens, il faut ma\u00eetriser la classification la plus courante au\r\n  Portugal.<\/p>\r\n\r\n              <ul class=\"guide-list\">\r\n                  <li><strong>La \"Tipologia\" (T) :<\/strong> Ce syst\u00e8me d\u00e9finit le nombre de chambres \u00e0 coucher dans un bien. Un\r\n  <strong>T0<\/strong> est un studio, un <strong>T1<\/strong> a une chambre, un <strong>T2<\/strong> a deux chambres, et ainsi de suite. Un       \r\n  \"T1+1\" d\u00e9signe un appartement avec une chambre et une pi\u00e8ce suppl\u00e9mentaire plus petite (sans fen\u00eatre ou trop petite pour \u00eatre une chambre    \r\n   officielle).<\/li>\r\n                  <li><strong>\u00c1rea Bruta vs. \u00c1rea \u00datil :<\/strong> L'<strong>\u00c1rea \u00datil<\/strong> est la surface habitable r\u00e9elle.\r\n  L'<strong>\u00c1rea Bruta<\/strong> inclut des \u00e9l\u00e9ments structurels comme l'\u00e9paisseur des murs, les balcons, etc. Soyez attentif \u00e0 cette\r\n  distinction dans les annonces.<\/li>\r\n              <\/ul>\r\n          <\/section>\r\n\r\n          <section class=\"guide-section\">\r\n              <h2 class=\"guide-h2\">La Vie Urbaine et Pratique : Les Appartements (Apartamentos)<\/h2>\r\n              <p class=\"guide-text\">C'est le type de bien le plus courant dans les villes et les zones c\u00f4ti\u00e8res. Id\u00e9al pour la vie en\r\n  ville, comme pied-\u00e0-terre ou pour l'investissement locatif. On y trouve de tout, du simple studio (T0) au penthouse en duplex avec\r\n  piscine sur le toit.<\/p>\r\n          <\/section>\r\n\r\n          <section class=\"guide-section\">\r\n              <h2 class=\"guide-h2\">L'Espace et l'Intimit\u00e9 : Les Maisons (Moradias)<\/h2>\r\n              <p class=\"guide-text\">Le terme \"moradia\" englobe plusieurs types de maisons, id\u00e9ales pour les familles ou ceux qui cherchent     \r\n  un jardin.<\/p>\r\n\r\n              <ul class=\"guide-list\">\r\n                  <li><strong>Moradia Geminada :<\/strong> Une maison mitoyenne, partageant un ou deux murs avec ses voisines.<\/li>\r\n                  <li><strong>Moradia Isolada \/ Vivenda :<\/strong> Une maison individuelle ou villa, compl\u00e8tement ind\u00e9pendante sur son\r\n  propre terrain. Le terme \"vivenda\" a souvent une connotation plus grande ou luxueuse.<\/li>\r\n              <\/ul>\r\n          <\/section>\r\n\r\n          <section class=\"guide-section\">\r\n              <h2 class=\"guide-h2\">Le Charme de l'Authentique : Les Propri\u00e9t\u00e9s de Caract\u00e8re<\/h2>\r\n              <p class=\"guide-text\">Pour ceux qui cherchent plus qu'une simple maison, mais un lieu avec une \u00e2me.<\/p>\r\n\r\n              <ul class=\"guide-list\">\r\n                  <li><strong>La Quinta :<\/strong> Une propri\u00e9t\u00e9 rurale, allant de la simple ferme (farmhouse) au grand domaine avec des       \r\n  vignes ou des oliveraies. C'est le r\u00eave de la vie \u00e0 la campagne.<\/li>\r\n                  <li><strong>La Casa R\u00fastica :<\/strong> Une maison de campagne traditionnelle, souvent en pierre, pleine de charme.<\/li>      \r\n                  <li><strong>Le Palacete :<\/strong> Un \"petit palais\". Un manoir historique ou une maison de ma\u00eetre que l'on trouve dans      \r\n  les centres-villes historiques ou comme si\u00e8ge d'une grande quinta.<\/li>\r\n              <\/ul>\r\n          <\/section>\r\n\r\n          <section class=\"guide-section\">\r\n              <h2 class=\"guide-h2\">Le Projet d'une Vie : Terrains et Ruines<\/h2>\r\n              <p class=\"guide-text\">Pour ceux qui veulent cr\u00e9er leur maison de r\u00eave sur mesure.<\/p>\r\n\r\n              <ul class=\"guide-list\">\r\n                  <li><strong>Terreno para Constru\u00e7\u00e3o :<\/strong> Un terrain \u00e0 b\u00e2tir. Il est crucial de v\u00e9rifier ce que le Plan Directeur       \r\n  Municipal (PDM) autorise \u00e0 y construire.<\/li>\r\n                  <li><strong>Ru\u00edna :<\/strong> Une ruine. L'avantage est que l'existence d'une ruine donne g\u00e9n\u00e9ralement un droit de\r\n  reconstruction, m\u00eame sur un terrain o\u00f9 une nouvelle construction ne serait pas autoris\u00e9e.<\/li>\r\n              <\/ul>\r\n          <\/section>\r\n\r\n          <section class=\"guide-section\">\r\n              <h2 class=\"guide-h2\">L'Investissement Sp\u00e9cifique : Opportunit\u00e9s Commerciales<\/h2>\r\n              <ul class=\"guide-list\">\r\n                  <li><strong>Lojas et Escrit\u00f3rios :<\/strong> Des commerces et des bureaux, pour un investissement purement\r\n  commercial.<\/li>\r\n                  <li><strong>Retomas de banco :<\/strong> Des saisies bancaires. Elles peuvent repr\u00e9senter de bonnes affaires, mais\r\n  demandent une v\u00e9rification juridique approfondie.<\/li>\r\n              <\/ul>\r\n          <\/section>\r\n\r\n          <section class=\"guide-section\">\r\n              <h2 class=\"guide-h2\">Nos Guides D\u00e9taill\u00e9s par Type de Projet<\/h2>\r\n              <p class=\"guide-text\">Cette page est un aper\u00e7u. Pour approfondir votre projet, consultez nos guides sp\u00e9cialis\u00e9s :<\/p>\r\n\r\n              <h3 class=\"guide-h3\">Pour les Bonnes Affaires et la R\u00e9novation<\/h3>\r\n              <ul class=\"guide-list\">\r\n                  <li><a href=\"\/pt\/maison-pas-chere-au-portugal-le-guide-pour-trouver-les-bonnes-affaires\/\">Maison pas ch\u00e8re au Portugal : le      \r\n  guide pour trouver les bonnes affaires<\/a><\/li>\r\n                  <li><a href=\"\/pt\/le-guide-de-la-renovation-de-maison-au-portugal-couts-et-etapes\/\">Le guide de la r\u00e9novation de maison au        \r\n  Portugal : co\u00fbts et \u00e9tapes<\/a><\/li>\r\n                  <li><a href=\"\/pt\/acheter-une-saisie-bancaire-retoma-de-banco-opportunites-et-risques\/\">Acheter une saisie bancaire (retoma de    \r\n   banco) : opportunit\u00e9s et risques<\/a><\/li>\r\n              <\/ul>\r\n\r\n              <h3 class=\"guide-h3\">Pour l'Immobilier de Luxe<\/h3>\r\n              <ul class=\"guide-list\">\r\n                  <li><a href=\"\/pt\/acheter-une-villa-de-luxe-au-portugal-le-guide\/\">Acheter une villa de luxe au Portugal : le guide<\/a><\/li>      \r\n                  <li><a href=\"\/pt\/les-meilleurs-resorts-de-golf-avec-immobilier-au-portugal\/\">Les meilleurs resorts de golf avec immobilier au    \r\n   Portugal<\/a><\/li>\r\n              <\/ul>\r\n\r\n              <h3 class=\"guide-h3\">Pour les Projets d'Investissement<\/h3>\r\n              <ul class=\"guide-list\">\r\n                  <li><a href=\"\/pt\/acheter-un-terrain-pour-construire-au-portugal-guide-et-regles\/\">Acheter un terrain pour construire au\r\n  Portugal : guide et r\u00e8gles<\/a><\/li>\r\n                  <li><a href=\"\/pt\/le-golden-visa-portugal-mise-a-jour-des-regles\/\">Le Golden Visa Portugal : mise \u00e0 jour des r\u00e8gles<\/a><\/li>      \r\n              <\/ul>\r\n          <\/section>\r\n\r\n          <section class=\"guide-section\">\r\n              <h2 class=\"guide-h2\">Conclusion : Quel Bien Immobilier est Fait pour Vous ?<\/h2>\r\n              <p class=\"guide-text\">Le choix du type de bien d\u00e9pend enti\u00e8rement de votre projet de vie, de votre budget et de vos envies.      \r\n  En comprenant bien la terminologie et les options disponibles, vous \u00eates maintenant pr\u00eat \u00e0 commencer votre recherche de mani\u00e8re plus\r\n  efficace. Pour des donn\u00e9es officielles sur le march\u00e9, vous pouvez consulter le <a href=\"https:\/\/www.ine.pt\/xportal\/xmain?xpid=INE&amp;xpgid=ine_precos_habitacao\" target=\"_blank\" rel=\"noopener noreferrer\">portail de\r\n  l'Institut National de Statistique (INE)<\/a>.<\/p>\r\n          <\/section>\r\n      <\/section>\r\n  <\/article>\r\n\r\n  <style>\r\n  .guide-complet {\r\n      max-width: 800px;\r\n      margin: 0 auto;\r\n      padding: 20px;\r\n  }\r\n\r\n  \/* H1 - Titre principal (SEO: 36-40px recommand\u00e9) *\/\r\n  .guide-h1 {\r\n      font-family: 'Sora', sans-serif;\r\n      font-weight: 800;\r\n      font-size: 36px;\r\n      color: #012040;\r\n      line-height: 1.2;\r\n      margin-bottom: 24px;\r\n      margin-top: 0;\r\n      text-align: center;\r\n  }\r\n\r\n  \/* Container pour l'image hero *\/\r\n  .guide-hero-image {\r\n      width: 100%;\r\n      margin: 24px 0 32px 0;\r\n      text-align: center;\r\n  }\r\n\r\n  .hero-img {\r\n      width: 100%;\r\n      max-width: 100%;\r\n      height: auto;\r\n      border-radius: 12px;\r\n      box-shadow: 0 4px 12px rgba(1, 32, 64, 0.15);\r\n      display: block;\r\n  }\r\n\r\n  .guide-intro {\r\n      font-family: 'Sora', sans-serif;\r\n      font-weight: 400;\r\n      font-size: 18px;\r\n      color: #101010;\r\n      line-height: 1.7;\r\n      margin-bottom: 40px;\r\n      font-style: italic;\r\n      background: #f8f9fa;\r\n      padding: 24px;\r\n      border-radius: 8px;\r\n      border-left: 4px solid #012040;\r\n  }\r\n\r\n  .guide-section {\r\n      margin-bottom: 40px;\r\n  }\r\n\r\n  \/* H2 - Titres de section (SEO: 24-30px recommand\u00e9) *\/\r\n  .guide-h2 {\r\n      font-family: 'Sora', sans-serif;\r\n      font-weight: 800;\r\n      font-size: 28px;\r\n      color: #012040;\r\n      line-height: 1.3;\r\n      margin-bottom: 20px;\r\n      margin-top: 40px;\r\n  }\r\n\r\n  \/* H3 - Sous-titres (SEO: 18-22px recommand\u00e9) *\/\r\n  .guide-h3 {\r\n      font-family: 'Sora', sans-serif;\r\n      font-weight: 600;\r\n      font-size: 20px;\r\n      color: #012040;\r\n      line-height: 1.4;\r\n      margin-bottom: 12px;\r\n      margin-top: 24px;\r\n  }\r\n\r\n  .guide-text {\r\n      font-family: 'Sora', sans-serif;\r\n      font-weight: 400;\r\n      font-size: 16px;\r\n      color: #101010;\r\n      line-height: 1.6;\r\n      margin-bottom: 16px;\r\n  }\r\n\r\n  .guide-text strong {\r\n      color: #012040;\r\n  }\r\n\r\n  .guide-text a {\r\n      color: #0066cc;\r\n      text-decoration: underline;\r\n  }\r\n\r\n  .guide-text a:hover {\r\n      color: #004499;\r\n  }\r\n\r\n  .guide-list {\r\n      font-family: 'Sora', sans-serif;\r\n      font-weight: 400;\r\n      font-size: 16px;\r\n      color: #101010;\r\n      line-height: 1.6;\r\n      padding-left: 20px;\r\n  }\r\n\r\n  .guide-list li {\r\n      margin-bottom: 12px;\r\n  }\r\n\r\n  \/* Media queries para responsividade *\/\r\n  @media (max-width: 768px) {\r\n      .guide-h1 {\r\n          font-size: 28px;\r\n      }\r\n\r\n      .guide-h2 {\r\n          font-size: 24px;\r\n      }\r\n\r\n      .guide-h3 {\r\n          font-size: 18px;\r\n      }\r\n\r\n      .guide-intro {\r\n          font-size: 16px;\r\n          padding: 16px;\r\n      }\r\n\r\n      .guide-hero-image {\r\n          margin: 20px 0 24px 0;\r\n      }\r\n  }\r\n\r\n  @media (max-width: 480px) {\r\n      .guide-h1 {\r\n          font-size: 24px;\r\n      }\r\n\r\n      .guide-h2 {\r\n          font-size: 20px;\r\n      }\r\n  }\r\n  <\/style>\t\t\t\t<\/div>\n\t\t\t\t<\/div>\n\t\t\t\t\t<\/div>\n\t\t\t\t<\/div>\n\t\t\t\t<\/div>","protected":false},"excerpt":{"rendered":"<p>Types de Biens Immobiliers au Portugal : Le Guide Complet pour Choisir Les types de biens immobiliers au Portugal offrent une richesse et une diversit\u00e9 uniques en Europe, allant du studio moderne en centre-ville historique \u00e0 la quinta centenaire au c\u0153ur des vignobles. Cette vari\u00e9t\u00e9 architecturale et culturelle, h\u00e9rit\u00e9e de si\u00e8cles d&rsquo;histoire, permet aujourd&rsquo;hui \u00e0 [&hellip;]<\/p>","protected":false},"author":6,"featured_media":0,"parent":0,"menu_order":0,"comment_status":"closed","ping_status":"closed","template":"","meta":{"footnotes":""},"class_list":["post-1188","page","type-page","status-publish","hentry"],"_links":{"self":[{"href":"https:\/\/maisonavendreauportugal.fr\/pt\/wp-json\/wp\/v2\/pages\/1188","targetHints":{"allow":["GET"]}}],"collection":[{"href":"https:\/\/maisonavendreauportugal.fr\/pt\/wp-json\/wp\/v2\/pages"}],"about":[{"href":"https:\/\/maisonavendreauportugal.fr\/pt\/wp-json\/wp\/v2\/types\/page"}],"author":[{"embeddable":true,"href":"https:\/\/maisonavendreauportugal.fr\/pt\/wp-json\/wp\/v2\/users\/6"}],"replies":[{"embeddable":true,"href":"https:\/\/maisonavendreauportugal.fr\/pt\/wp-json\/wp\/v2\/comments?post=1188"}],"version-history":[{"count":10,"href":"https:\/\/maisonavendreauportugal.fr\/pt\/wp-json\/wp\/v2\/pages\/1188\/revisions"}],"predecessor-version":[{"id":1273,"href":"https:\/\/maisonavendreauportugal.fr\/pt\/wp-json\/wp\/v2\/pages\/1188\/revisions\/1273"}],"wp:attachment":[{"href":"https:\/\/maisonavendreauportugal.fr\/pt\/wp-json\/wp\/v2\/media?parent=1188"}],"curies":[{"name":"wp","href":"https:\/\/api.w.org\/{rel}","templated":true}]}}