{"id":585,"date":"2025-02-11T07:35:35","date_gmt":"2025-02-11T10:35:35","guid":{"rendered":"https:\/\/maisonavendreauportugal.fr\/?page_id=585"},"modified":"2025-08-28T15:08:10","modified_gmt":"2025-08-28T13:08:10","slug":"a-propos","status":"publish","type":"page","link":"https:\/\/maisonavendreauportugal.fr\/pt\/a-propos\/","title":{"rendered":"\u00c0 propos"},"content":{"rendered":"<div data-elementor-type=\"wp-page\" data-elementor-id=\"585\" class=\"elementor elementor-585\" data-elementor-post-type=\"page\">\n\t\t\t\t<div class=\"elementor-element elementor-element-9920ef9 e-flex e-con-boxed e-con e-parent\" data-id=\"9920ef9\" data-element_type=\"container\" data-settings=\"{&quot;jet_parallax_layout_list&quot;:[]}\">\n\t\t\t\t\t<div class=\"e-con-inner\">\n\t\t<div class=\"elementor-element elementor-element-d65b64b e-con-full e-flex e-con e-child\" data-id=\"d65b64b\" data-element_type=\"container\" data-settings=\"{&quot;jet_parallax_layout_list&quot;:[]}\">\n\t\t\t\t<div class=\"elementor-element elementor-element-4ad6820 elementor-widget elementor-widget-heading\" data-id=\"4ad6820\" data-element_type=\"widget\" data-widget_type=\"heading.default\">\n\t\t\t\t<div class=\"elementor-widget-container\">\n\t\t\t\t\t<h2 class=\"elementor-heading-title elementor-size-default\">Qui sommes nous<\/h2>\t\t\t\t<\/div>\n\t\t\t\t<\/div>\n\t\t\t\t<div class=\"elementor-element elementor-element-b78fe45 elementor-widget__width-initial elementor-widget elementor-widget-text-editor\" data-id=\"b78fe45\" data-element_type=\"widget\" data-widget_type=\"text-editor.default\">\n\t\t\t\t<div class=\"elementor-widget-container\">\n\t\t\t\t\t\t\t\t\t<p data-start=\"65\" data-end=\"506\">L\u2019histoire de <em data-start=\"79\" data-end=\"108\">Maison \u00e0 Vendre au Portugal<\/em> commence avec Tiago Gomes, un Portugais qui vit en France depuis plusieurs ann\u00e9es et qui a constat\u00e9 l\u2019int\u00e9r\u00eat croissant des Fran\u00e7ais pour vivre au Portugal.<\/p><p data-start=\"65\" data-end=\"506\">Au fil du temps, Tiago a vu une opportunit\u00e9 d\u2019aider ceux qui souhaitent trouver leur maison dans notre pays, avec la vision de rendre ce processus plus simple et accessible pour ceux qui cherchent \u00e0 recommencer une nouvelle vie au Portugal.<\/p><p data-start=\"508\" data-end=\"899\">Pour concr\u00e9tiser cette id\u00e9e, Tiago a fait appel \u00e0 son meilleur ami, Jo\u00e3o Fonseca, qui vit au Portugal et est un grand connaisseur du march\u00e9 immobilier local.<\/p><p data-start=\"508\" data-end=\"899\">Fort de son exp\u00e9rience et de sa connaissance approfondie du secteur, Jo\u00e3o contribue activement au contenu du site en r\u00e9digeant des articles informatifs et utiles sur les tendances et les opportunit\u00e9s du march\u00e9 immobilier au Portugal.<\/p>\t\t\t\t\t\t\t\t<\/div>\n\t\t\t\t<\/div>\n\t\t\t\t<div class=\"elementor-element elementor-element-57511e6 elementor-widget elementor-widget-heading\" data-id=\"57511e6\" data-element_type=\"widget\" data-widget_type=\"heading.default\">\n\t\t\t\t<div class=\"elementor-widget-container\">\n\t\t\t\t\t<h3 class=\"elementor-heading-title elementor-size-default\">Notre Engagement<\/h3>\t\t\t\t<\/div>\n\t\t\t\t<\/div>\n\t\t\t\t<div class=\"elementor-element elementor-element-1a22292 elementor-widget__width-initial elementor-widget elementor-widget-text-editor\" data-id=\"1a22292\" data-element_type=\"widget\" data-widget_type=\"text-editor.default\">\n\t\t\t\t<div class=\"elementor-widget-container\">\n\t\t\t\t\t\t\t\t\t<p data-start=\"923\" data-end=\"1306\"><em data-start=\"1051\" data-end=\"1080\">Maison \u00e0 Vendre au Portugal<\/em> a pour mission de devenir votre guide dans la qu\u00eate de votre maison id\u00e9ale au Portugal, en vous offrant des informations actualis\u00e9es sur le march\u00e9 et des conseils pratiques pour rendre le processus plus fluide et transparent.<\/p><p data-start=\"1308\" data-end=\"1525\">Que vous recherchiez une maison, un appartement ou une villa au Portugal, nous sommes l\u00e0 pour vous aider \u00e0 faire le bon choix, en toute s\u00e9curit\u00e9 et confiance, avec la connaissance des meilleures opportunit\u00e9s du march\u00e9.<\/p>\t\t\t\t\t\t\t\t<\/div>\n\t\t\t\t<\/div>\n\t\t\t\t<\/div>\n\t\t<div class=\"elementor-element elementor-element-5c4df14 e-con-full e-flex e-con e-child\" data-id=\"5c4df14\" data-element_type=\"container\" data-settings=\"{&quot;jet_parallax_layout_list&quot;:[]}\">\n\t\t\t\t<div class=\"elementor-element elementor-element-5dc9036 elementor-widget elementor-widget-image\" data-id=\"5dc9036\" data-element_type=\"widget\" data-widget_type=\"image.default\">\n\t\t\t\t<div class=\"elementor-widget-container\">\n\t\t\t\t\t\t\t\t\t\t\t\t\t\t\t<img fetchpriority=\"high\" decoding=\"async\" width=\"800\" height=\"726\" src=\"https:\/\/maisonavendreauportugal.fr\/wp-content\/uploads\/2025\/08\/TiagoGomesEtJooFonseca-ezgif.com-jpg-to-webp-converter.webp\" class=\"attachment-large size-large wp-image-1146\" alt=\"\" srcset=\"https:\/\/maisonavendreauportugal.fr\/wp-content\/uploads\/2025\/08\/TiagoGomesEtJooFonseca-ezgif.com-jpg-to-webp-converter.webp 913w, https:\/\/maisonavendreauportugal.fr\/wp-content\/uploads\/2025\/08\/TiagoGomesEtJooFonseca-ezgif.com-jpg-to-webp-converter-300x272.webp 300w, https:\/\/maisonavendreauportugal.fr\/wp-content\/uploads\/2025\/08\/TiagoGomesEtJooFonseca-ezgif.com-jpg-to-webp-converter-768x697.webp 768w, https:\/\/maisonavendreauportugal.fr\/wp-content\/uploads\/2025\/08\/TiagoGomesEtJooFonseca-ezgif.com-jpg-to-webp-converter-13x12.webp 13w, https:\/\/maisonavendreauportugal.fr\/wp-content\/uploads\/2025\/08\/TiagoGomesEtJooFonseca-ezgif.com-jpg-to-webp-converter-600x545.webp 600w\" sizes=\"(max-width: 800px) 100vw, 800px\" \/>\t\t\t\t\t\t\t\t\t\t\t\t\t\t\t<\/div>\n\t\t\t\t<\/div>\n\t\t<div class=\"elementor-element elementor-element-245aa64 e-con-full e-flex e-con e-child\" data-id=\"245aa64\" data-element_type=\"container\" data-settings=\"{&quot;jet_parallax_layout_list&quot;:[]}\">\n\t\t\t\t<div class=\"elementor-element elementor-element-9fdec3c elementor-widget elementor-widget-text-editor\" data-id=\"9fdec3c\" data-element_type=\"widget\" data-widget_type=\"text-editor.default\">\n\t\t\t\t<div class=\"elementor-widget-container\">\n\t\t\t\t\t\t\t\t\t<p><strong>E-mail: maisonavendreauportugal<\/strong>@gmail.com<\/p><p><strong>Portable:<\/strong> 0745766478<\/p><p><strong>Adresse:<\/strong> 5 impasse de l&rsquo;Ouest, 13003 Marseille<\/p><p>\u00a0<\/p>\t\t\t\t\t\t\t\t<\/div>\n\t\t\t\t<\/div>\n\t\t\t\t<\/div>\n\t\t\t\t<\/div>\n\t\t\t\t\t<\/div>\n\t\t\t\t<\/div>\n\t\t\t\t<\/div>","protected":false},"excerpt":{"rendered":"<p>Qui sommes nous L\u2019histoire de Maison \u00e0 Vendre au Portugal commence avec Tiago Gomes, un Portugais qui vit en France depuis plusieurs ann\u00e9es et qui a constat\u00e9 l\u2019int\u00e9r\u00eat croissant des Fran\u00e7ais pour vivre au Portugal. Au fil du temps, Tiago a vu une opportunit\u00e9 d\u2019aider ceux qui souhaitent trouver leur maison dans notre pays, avec [&hellip;]<\/p>","protected":false},"author":6,"featured_media":0,"parent":0,"menu_order":0,"comment_status":"closed","ping_status":"closed","template":"","meta":{"footnotes":""},"class_list":["post-585","page","type-page","status-publish","hentry"],"_links":{"self":[{"href":"https:\/\/maisonavendreauportugal.fr\/pt\/wp-json\/wp\/v2\/pages\/585","targetHints":{"allow":["GET"]}}],"collection":[{"href":"https:\/\/maisonavendreauportugal.fr\/pt\/wp-json\/wp\/v2\/pages"}],"about":[{"href":"https:\/\/maisonavendreauportugal.fr\/pt\/wp-json\/wp\/v2\/types\/page"}],"author":[{"embeddable":true,"href":"https:\/\/maisonavendreauportugal.fr\/pt\/wp-json\/wp\/v2\/users\/6"}],"replies":[{"embeddable":true,"href":"https:\/\/maisonavendreauportugal.fr\/pt\/wp-json\/wp\/v2\/comments?post=585"}],"version-history":[{"count":10,"href":"https:\/\/maisonavendreauportugal.fr\/pt\/wp-json\/wp\/v2\/pages\/585\/revisions"}],"predecessor-version":[{"id":1149,"href":"https:\/\/maisonavendreauportugal.fr\/pt\/wp-json\/wp\/v2\/pages\/585\/revisions\/1149"}],"wp:attachment":[{"href":"https:\/\/maisonavendreauportugal.fr\/pt\/wp-json\/wp\/v2\/media?parent=585"}],"curies":[{"name":"wp","href":"https:\/\/api.w.org\/{rel}","templated":true}]}}