{"id":598,"date":"2025-02-11T10:59:07","date_gmt":"2025-02-11T13:59:07","guid":{"rendered":"https:\/\/maisonavendreauportugal.fr\/?page_id=598"},"modified":"2025-03-01T15:14:48","modified_gmt":"2025-03-01T14:14:48","slug":"a-vendre-appartement-portugal","status":"publish","type":"page","link":"https:\/\/maisonavendreauportugal.fr\/pt\/a-vendre-appartement-portugal\/","title":{"rendered":"\u00c0 vendre appartement Portugal"},"content":{"rendered":"<div data-elementor-type=\"wp-page\" data-elementor-id=\"598\" class=\"elementor elementor-598\" data-elementor-post-type=\"page\">\n\t\t\t\t<div class=\"elementor-element elementor-element-62144772 e-flex e-con-boxed e-con e-parent\" data-id=\"62144772\" data-element_type=\"container\" data-settings=\"{&quot;jet_parallax_layout_list&quot;:[]}\">\n\t\t\t\t\t<div class=\"e-con-inner\">\n\t\t<div class=\"elementor-element elementor-element-3862700a e-con-full e-flex e-con e-child\" data-id=\"3862700a\" data-element_type=\"container\" data-settings=\"{&quot;jet_parallax_layout_list&quot;:[]}\">\n\t\t<div class=\"elementor-element elementor-element-75e99d22 e-con-full e-flex e-con e-child\" data-id=\"75e99d22\" data-element_type=\"container\" data-settings=\"{&quot;jet_parallax_layout_list&quot;:[]}\">\n\t\t<div class=\"elementor-element elementor-element-10706819 e-con-full e-flex e-con e-child\" data-id=\"10706819\" data-element_type=\"container\" data-settings=\"{&quot;background_background&quot;:&quot;classic&quot;,&quot;jet_parallax_layout_list&quot;:[]}\">\n\t\t<div class=\"elementor-element elementor-element-66ddd697 e-con-full e-flex e-con e-child\" data-id=\"66ddd697\" data-element_type=\"container\" data-settings=\"{&quot;jet_parallax_layout_list&quot;:[]}\">\n\t\t<div class=\"elementor-element elementor-element-2f4c0920 e-con-full e-flex e-con e-child\" data-id=\"2f4c0920\" data-element_type=\"container\" data-settings=\"{&quot;jet_parallax_layout_list&quot;:[]}\">\n\t\t\t\t<div class=\"elementor-element elementor-element-5ab07919 elementor-widget elementor-widget-heading\" data-id=\"5ab07919\" data-element_type=\"widget\" data-widget_type=\"heading.default\">\n\t\t\t\t<div class=\"elementor-widget-container\">\n\t\t\t\t\t<h1 class=\"elementor-heading-title elementor-size-default\">\u00c0 vendre appartement Portugal<\/h1>\t\t\t\t<\/div>\n\t\t\t\t<\/div>\n\t\t\t\t<div class=\"elementor-element elementor-element-4668a723 elementor-widget-mobile__width-initial elementor-widget elementor-widget-text-editor\" data-id=\"4668a723\" data-element_type=\"widget\" data-widget_type=\"text-editor.default\">\n\t\t\t\t<div class=\"elementor-widget-container\">\n\t\t\t\t\t\t\t\t\t<p><span style=\"font-weight: 400;\">Choisir d&rsquo;acheter un appartement au Portugal est une d\u00e9cision strat\u00e9gique pour les acheteurs en qu\u00eate d&rsquo;un bon investissement immobilier ou d&rsquo;un nouveau cadre de vie. Voici tout ce qu&rsquo;il faut savoir pour bien orienter votre choix.<\/span><\/p>\t\t\t\t\t\t\t\t<\/div>\n\t\t\t\t<\/div>\n\t\t\t\t<\/div>\n\t\t\t\t<\/div>\n\t\t\t\t<\/div>\n\t\t\t\t<\/div>\n\t\t\t\t<\/div>\n\t\t\t\t\t<\/div>\n\t\t\t\t<\/div>\n\t\t<div class=\"elementor-element elementor-element-3cbf9fc1 e-flex e-con-boxed e-con e-parent\" data-id=\"3cbf9fc1\" data-element_type=\"container\" data-settings=\"{&quot;jet_parallax_layout_list&quot;:[]}\">\n\t\t\t\t\t<div class=\"e-con-inner\">\n\t\t<div class=\"elementor-element elementor-element-22cfa7d7 e-con-full e-flex e-con e-child\" data-id=\"22cfa7d7\" data-element_type=\"container\" data-settings=\"{&quot;jet_parallax_layout_list&quot;:[]}\">\n\t\t\t\t<div class=\"elementor-element elementor-element-660faca0 elementor-widget elementor-widget-heading\" data-id=\"660faca0\" data-element_type=\"widget\" data-widget_type=\"heading.default\">\n\t\t\t\t<div class=\"elementor-widget-container\">\n\t\t\t\t\t<h2 class=\"elementor-heading-title elementor-size-default\">Pourquoi choisir un appartement plut\u00f4t qu'une maison individuelle ?\n<\/h2>\t\t\t\t<\/div>\n\t\t\t\t<\/div>\n\t\t\t\t<div class=\"elementor-element elementor-element-375454b1 elementor-widget elementor-widget-text-editor\" data-id=\"375454b1\" data-element_type=\"widget\" data-widget_type=\"text-editor.default\">\n\t\t\t\t<div class=\"elementor-widget-container\">\n\t\t\t\t\t\t\t\t\t<p>Cette question se pose souvent lorsque vient le moment de trouver un logement.<\/p><p>Les appartements pr\u00e9sentent plusieurs avantages notables.<\/p><p>Tout d\u2019abord, leur prix est souvent plus abordable.<\/p><p>En g\u00e9n\u00e9ral, ils impliquent un co\u00fbt initial inf\u00e9rieur ainsi que des charges mensuelles plus l\u00e9g\u00e8res compar\u00e9es \u00e0 une maison individuelle.<\/p><p>L\u2019entretien est \u00e9galement simplifi\u00e9.<\/p><p>Avec moins d\u2019espace ext\u00e9rieur \u00e0 g\u00e9rer et des espaces communs pris en charge par une copropri\u00e9t\u00e9, les appartements demandent moins de temps et d\u2019efforts pour rester en bon \u00e9tat.<\/p><p>De plus, leur emplacement joue un r\u00f4le cl\u00e9.<\/p><p>Souvent situ\u00e9s dans des zones urbaines ou p\u00e9riurbaines, ils offrent un acc\u00e8s rapide et direct aux transports, aux commerces et aux services.<\/p><p>Cependant, il est important de prendre en compte certains inconv\u00e9nients avant de se d\u00e9cider.<\/p><p>Les appartements peuvent offrir moins d\u2019intimit\u00e9, en raison de la proximit\u00e9 imm\u00e9diate avec les voisins, ce qui peut d\u00e9ranger ceux qui recherchent un cadre plus calme.<\/p><p>Les espaces sont souvent plus limit\u00e9s, ce qui r\u00e9duit la libert\u00e9 en termes d\u2019am\u00e9nagement ou de modifications, comme des extensions.<\/p><p>Enfin, les charges de copropri\u00e9t\u00e9 peuvent repr\u00e9senter un co\u00fbt suppl\u00e9mentaire \u00e0 int\u00e9grer dans son budget global.<\/p>\t\t\t\t\t\t\t\t<\/div>\n\t\t\t\t<\/div>\n\t\t\t\t<\/div>\n\t\t\t\t\t<\/div>\n\t\t\t\t<\/div>\n\t\t<div class=\"elementor-element elementor-element-24f263c7 e-flex e-con-boxed e-con e-parent\" data-id=\"24f263c7\" data-element_type=\"container\" data-settings=\"{&quot;jet_parallax_layout_list&quot;:[]}\">\n\t\t\t\t\t<div class=\"e-con-inner\">\n\t\t<div class=\"elementor-element elementor-element-4b3377f2 e-con-full e-flex e-con e-child\" data-id=\"4b3377f2\" data-element_type=\"container\" data-settings=\"{&quot;jet_parallax_layout_list&quot;:[]}\">\n\t\t\t\t<div class=\"elementor-element elementor-element-3fe771bf elementor-widget elementor-widget-heading\" data-id=\"3fe771bf\" data-element_type=\"widget\" data-widget_type=\"heading.default\">\n\t\t\t\t<div class=\"elementor-widget-container\">\n\t\t\t\t\t<h2 class=\"elementor-heading-title elementor-size-default\">Aper\u00e7u des prix par r\u00e9gions<\/h2>\t\t\t\t<\/div>\n\t\t\t\t<\/div>\n\t\t\t\t<div class=\"elementor-element elementor-element-395074ad elementor-widget elementor-widget-text-editor\" data-id=\"395074ad\" data-element_type=\"widget\" data-widget_type=\"text-editor.default\">\n\t\t\t\t<div class=\"elementor-widget-container\">\n\t\t\t\t\t\t\t\t\t<p><span style=\"font-weight: 400;\">Le march\u00e9 immobilier portugais pr\u00e9sente une grande variation de prix selon la localisation. Voici quelques exemples de tarifs moyens au m\u00e8tre carr\u00e9 pour un appartement au Portugal :<\/span><\/p><ul><li><b>Lisbonne et sa p\u00e9riph\u00e9rie<\/b><span style=\"font-weight: 400;\"> : Entre 4 500 et 6 000 \u20ac\/m\u00b2, avec des options pour des <\/span>appartements \u00e0 vendre Lisbonne pas chers<span style=\"font-weight: 400;\"> dans les quartiers moins centraux.<\/span><\/li><li><b>Algarve<\/b><span style=\"font-weight: 400;\"> : Id\u00e9al pour ceux qui r\u00eavent d&rsquo;un cadre ensoleill\u00e9 et touristique, les prix varient entre 3 000 et 4 500 \u20ac\/m\u00b2.\u00a0<\/span><\/li><li><b>Porto et nord du Portugal<\/b><span style=\"font-weight: 400;\"> : Les prix sont plus attractifs, oscillant entre 2 000 et 3 500 \u20ac\/m\u00b2, offrant un bon rapport qualit\u00e9-prix pour les acheteurs en qu\u00eate d&rsquo;un bien dans une r\u00e9gion en plein essor.<\/span><\/li><\/ul><p>\u00a0<\/p>\t\t\t\t\t\t\t\t<\/div>\n\t\t\t\t<\/div>\n\t\t\t\t<\/div>\n\t\t\t\t\t<\/div>\n\t\t\t\t<\/div>\n\t\t<div class=\"elementor-element elementor-element-3badd9c0 e-flex e-con-boxed e-con e-parent\" data-id=\"3badd9c0\" data-element_type=\"container\" data-settings=\"{&quot;jet_parallax_layout_list&quot;:[]}\">\n\t\t\t\t\t<div class=\"e-con-inner\">\n\t\t<div class=\"elementor-element elementor-element-66da4bb e-con-full e-flex e-con e-child\" data-id=\"66da4bb\" data-element_type=\"container\" data-settings=\"{&quot;jet_parallax_layout_list&quot;:[]}\">\n\t\t\t\t<div class=\"elementor-element elementor-element-668dfff4 elementor-widget elementor-widget-heading\" data-id=\"668dfff4\" data-element_type=\"widget\" data-widget_type=\"heading.default\">\n\t\t\t\t<div class=\"elementor-widget-container\">\n\t\t\t\t\t<h2 class=\"elementor-heading-title elementor-size-default\">Les diff\u00e9rents types d'appartements au Portugal : lequel choisir ?<\/h2>\t\t\t\t<\/div>\n\t\t\t\t<\/div>\n\t\t\t\t<div class=\"elementor-element elementor-element-37ef644e elementor-widget elementor-widget-text-editor\" data-id=\"37ef644e\" data-element_type=\"widget\" data-widget_type=\"text-editor.default\">\n\t\t\t\t<div class=\"elementor-widget-container\">\n\t\t\t\t\t\t\t\t\t<p>Au Portugal, le choix d\u2019un appartement d\u00e9pend de vos pr\u00e9f\u00e9rences et de votre projet immobilier. Les appartements modernes, souvent situ\u00e9s dans des zones urbaines comme Lisbonne ou Porto, offrent des \u00e9quipements r\u00e9cents et un confort contemporain, parfaits pour ceux qui recherchent un cadre de vie dynamique et pratique.<\/p><p>Pour les amateurs de charme, les appartements anciens, typiques des centres historiques, sont une excellente option. Ces biens peuvent n\u00e9cessiter des travaux, mais ils offrent une authenticit\u00e9 unique avec des \u00e9l\u00e9ments architecturaux traditionnels.<\/p><p>Il existe aussi des appartements plus spacieux en p\u00e9riph\u00e9rie des grandes villes ou dans des zones rurales, id\u00e9aux pour ceux qui recherchent plus d\u2019espace ou une ambiance plus calme, souvent avec des jardins ou des piscines communes.<\/p><p>Enfin, si vous \u00eates int\u00e9ress\u00e9 par l&rsquo;investissement locatif, les zones touristiques comme l&rsquo;Algarve ou Lisbonne offrent des appartements avec un fort potentiel de rentabilit\u00e9 gr\u00e2ce \u00e0 la demande locative \u00e9lev\u00e9e.<\/p><p>Le choix d\u00e9pendra donc de vos priorit\u00e9s : confort moderne, charme historique, espace ou rentabilit\u00e9.<\/p>\t\t\t\t\t\t\t\t<\/div>\n\t\t\t\t<\/div>\n\t\t\t\t<\/div>\n\t\t\t\t\t<\/div>\n\t\t\t\t<\/div>\n\t\t<div class=\"elementor-element elementor-element-65653c08 e-flex e-con-boxed e-con e-parent\" data-id=\"65653c08\" data-element_type=\"container\" data-settings=\"{&quot;jet_parallax_layout_list&quot;:[]}\">\n\t\t\t\t\t<div class=\"e-con-inner\">\n\t\t<div class=\"elementor-element elementor-element-abf1490 e-con-full e-flex e-con e-child\" data-id=\"abf1490\" data-element_type=\"container\" data-settings=\"{&quot;jet_parallax_layout_list&quot;:[]}\">\n\t\t\t\t<div class=\"elementor-element elementor-element-77c7a006 elementor-widget elementor-widget-heading\" data-id=\"77c7a006\" data-element_type=\"widget\" data-widget_type=\"heading.default\">\n\t\t\t\t<div class=\"elementor-widget-container\">\n\t\t\t\t\t<h2 class=\"elementor-heading-title elementor-size-default\">Comment \u00e9valuer la rentabilit\u00e9 d'un appartement au Portugal<\/h2>\t\t\t\t<\/div>\n\t\t\t\t<\/div>\n\t\t\t\t<div class=\"elementor-element elementor-element-40096ad5 elementor-widget elementor-widget-text-editor\" data-id=\"40096ad5\" data-element_type=\"widget\" data-widget_type=\"text-editor.default\">\n\t\t\t\t<div class=\"elementor-widget-container\">\n\t\t\t\t\t\t\t\t\t<p>\u00c9valuer la rentabilit\u00e9 d\u2019un appartement au Portugal repose sur plusieurs facteurs cl\u00e9s.<\/p><p>Tout d&rsquo;abord, il est essentiel de prendre en compte le prix d&rsquo;achat de l&rsquo;appartement, ainsi que les frais annexes, comme les taxes, les frais de notaire et les \u00e9ventuels travaux de r\u00e9novation.<\/p><p>Ensuite, il faut estimer le loyer mensuel que l\u2019on peut percevoir, en fonction de l&#8217;emplacement du bien, de sa taille et de son \u00e9tat.<\/p><p>La rentabilit\u00e9 locative se calcule g\u00e9n\u00e9ralement en divisant le loyer annuel par le prix d&rsquo;achat total du bien, puis en multipliant le r\u00e9sultat par 100 pour obtenir un pourcentage.<\/p><p>Un autre aspect important est de consid\u00e9rer les charges mensuelles telles que la gestion locative, les assurances, l&rsquo;entretien et les taxes fonci\u00e8res.<\/p><p>Enfin, il est crucial d\u2019\u00e9valuer la demande locative dans la r\u00e9gion, car une forte demande peut augmenter la rentabilit\u00e9, notamment dans des zones touristiques ou proches des centres urbains.<\/p><p>En prenant en compte ces \u00e9l\u00e9ments, il devient possible de d\u00e9terminer la rentabilit\u00e9 d\u2019un appartement et de pr\u00e9voir un retour sur investissement r\u00e9aliste.<\/p><p>Pour les amateurs de charme, les appartements anciens, typiques des centres historiques, sont une excellente option.<\/p><p>Ces biens peuvent n\u00e9cessiter des travaux, mais ils offrent une authenticit\u00e9 unique avec des \u00e9l\u00e9ments architecturaux traditionnels.<\/p><p>Il existe aussi des appartements plus spacieux en p\u00e9riph\u00e9rie des grandes villes ou dans des zones rurales, id\u00e9aux pour ceux qui recherchent plus d\u2019espace ou une ambiance plus calme, souvent avec des jardins ou des piscines communes.<\/p><p>Enfin, si vous \u00eates int\u00e9ress\u00e9 par l&rsquo;investissement locatif, les zones touristiques comme l&rsquo;Algarve ou Lisbonne offrent des appartements avec un fort potentiel de rentabilit\u00e9 gr\u00e2ce \u00e0 la demande locative \u00e9lev\u00e9e.<\/p><p>Le choix d\u00e9pendra donc de vos priorit\u00e9s : confort moderne, charme historique, espace ou rentabilit\u00e9.<\/p><p>Investir dans un appartement au Portugal est une excellente opportunit\u00e9, mais certains pr\u00e9f\u00e8rent l\u2019espace et la tranquillit\u00e9 d\u2019une maison en bord de mer. Avec plus d\u2019intimit\u00e9 et un cadre naturel privil\u00e9gi\u00e9, ces propri\u00e9t\u00e9s sont id\u00e9ales pour une r\u00e9sidence principale ou une maison de vacances. D\u00e9couvrez nos offres de <strong><a href=\"https:\/\/maisonavendreauportugal.fr\/pt\/vente-maison-portugal-bord-de-mer-pas-cher\/\">ventes de maisons au Portugal en bord de mer<\/a>\u00a0<\/strong>\u00e0 prix abordable.<\/p>\t\t\t\t\t\t\t\t<\/div>\n\t\t\t\t<\/div>\n\t\t\t\t<\/div>\n\t\t\t\t\t<\/div>\n\t\t\t\t<\/div>\n\t\t\t\t<\/div>","protected":false},"excerpt":{"rendered":"<p>\u00c0 vendre appartement Portugal Choisir d&rsquo;acheter un appartement au Portugal est une d\u00e9cision strat\u00e9gique pour les acheteurs en qu\u00eate d&rsquo;un bon investissement immobilier ou d&rsquo;un nouveau cadre de vie. Voici tout ce qu&rsquo;il faut savoir pour bien orienter votre choix. Pourquoi choisir un appartement plut\u00f4t qu&rsquo;une maison individuelle ? Cette question se pose souvent lorsque [&hellip;]<\/p>","protected":false},"author":6,"featured_media":608,"parent":0,"menu_order":0,"comment_status":"closed","ping_status":"closed","template":"","meta":{"footnotes":""},"class_list":["post-598","page","type-page","status-publish","has-post-thumbnail","hentry"],"_links":{"self":[{"href":"https:\/\/maisonavendreauportugal.fr\/pt\/wp-json\/wp\/v2\/pages\/598","targetHints":{"allow":["GET"]}}],"collection":[{"href":"https:\/\/maisonavendreauportugal.fr\/pt\/wp-json\/wp\/v2\/pages"}],"about":[{"href":"https:\/\/maisonavendreauportugal.fr\/pt\/wp-json\/wp\/v2\/types\/page"}],"author":[{"embeddable":true,"href":"https:\/\/maisonavendreauportugal.fr\/pt\/wp-json\/wp\/v2\/users\/6"}],"replies":[{"embeddable":true,"href":"https:\/\/maisonavendreauportugal.fr\/pt\/wp-json\/wp\/v2\/comments?post=598"}],"version-history":[{"count":10,"href":"https:\/\/maisonavendreauportugal.fr\/pt\/wp-json\/wp\/v2\/pages\/598\/revisions"}],"predecessor-version":[{"id":916,"href":"https:\/\/maisonavendreauportugal.fr\/pt\/wp-json\/wp\/v2\/pages\/598\/revisions\/916"}],"wp:featuredmedia":[{"embeddable":true,"href":"https:\/\/maisonavendreauportugal.fr\/pt\/wp-json\/wp\/v2\/media\/608"}],"wp:attachment":[{"href":"https:\/\/maisonavendreauportugal.fr\/pt\/wp-json\/wp\/v2\/media?parent=598"}],"curies":[{"name":"wp","href":"https:\/\/api.w.org\/{rel}","templated":true}]}}