{"id":615,"date":"2025-02-11T11:24:00","date_gmt":"2025-02-11T14:24:00","guid":{"rendered":"https:\/\/maisonavendreauportugal.fr\/?page_id=615"},"modified":"2025-02-28T16:14:49","modified_gmt":"2025-02-28T15:14:49","slug":"location-maison-portugal-avec-piscine","status":"publish","type":"page","link":"https:\/\/maisonavendreauportugal.fr\/pt\/location-maison-portugal-avec-piscine\/","title":{"rendered":"Location maison portugal avec piscine"},"content":{"rendered":"<div data-elementor-type=\"wp-page\" data-elementor-id=\"615\" class=\"elementor elementor-615\" data-elementor-post-type=\"page\">\n\t\t\t\t<div class=\"elementor-element elementor-element-185004d e-flex e-con-boxed e-con e-parent\" data-id=\"185004d\" data-element_type=\"container\" data-settings=\"{&quot;jet_parallax_layout_list&quot;:[]}\">\n\t\t\t\t\t<div class=\"e-con-inner\">\n\t\t<div class=\"elementor-element elementor-element-2d12fe98 e-con-full e-flex e-con e-child\" data-id=\"2d12fe98\" data-element_type=\"container\" data-settings=\"{&quot;jet_parallax_layout_list&quot;:[]}\">\n\t\t<div class=\"elementor-element elementor-element-5fa8da8b e-con-full e-flex e-con e-child\" data-id=\"5fa8da8b\" data-element_type=\"container\" data-settings=\"{&quot;background_background&quot;:&quot;classic&quot;,&quot;jet_parallax_layout_list&quot;:[]}\">\n\t\t<div class=\"elementor-element elementor-element-163dd54e e-con-full e-flex e-con e-child\" data-id=\"163dd54e\" data-element_type=\"container\" data-settings=\"{&quot;jet_parallax_layout_list&quot;:[]}\">\n\t\t<div class=\"elementor-element elementor-element-60565e1 e-con-full e-flex e-con e-child\" data-id=\"60565e1\" data-element_type=\"container\" data-settings=\"{&quot;jet_parallax_layout_list&quot;:[]}\">\n\t\t\t\t<div class=\"elementor-element elementor-element-34b478cb elementor-widget elementor-widget-heading\" data-id=\"34b478cb\" data-element_type=\"widget\" data-widget_type=\"heading.default\">\n\t\t\t\t<div class=\"elementor-widget-container\">\n\t\t\t\t\t<h1 class=\"elementor-heading-title elementor-size-default\">Location maison Portugal avec piscine<\/h1>\t\t\t\t<\/div>\n\t\t\t\t<\/div>\n\t\t\t\t<div class=\"elementor-element elementor-element-79cf036b elementor-widget-mobile__width-initial elementor-widget elementor-widget-text-editor\" data-id=\"79cf036b\" data-element_type=\"widget\" data-widget_type=\"text-editor.default\">\n\t\t\t\t<div class=\"elementor-widget-container\">\n\t\t\t\t\t\t\t\t\t<p><span style=\"font-weight: 400;\">Envie de vacances inoubliables ou d&rsquo;une escapade prolong\u00e9e dans un cadre idyllique ?<\/span><\/p><p><span style=\"font-weight: 400;\"> La <\/span><b>location de maison au Portugal avec piscine<\/b><span style=\"font-weight: 400;\"> est une option privil\u00e9gi\u00e9e pour profiter du soleil, des plages et de la richesse culturelle de ce pays enchanteur.<\/span><\/p>\t\t\t\t\t\t\t\t<\/div>\n\t\t\t\t<\/div>\n\t\t\t\t<\/div>\n\t\t\t\t<\/div>\n\t\t\t\t<\/div>\n\t\t\t\t<\/div>\n\t\t\t\t\t<\/div>\n\t\t\t\t<\/div>\n\t\t<div class=\"elementor-element elementor-element-542871c8 e-flex e-con-boxed e-con e-parent\" data-id=\"542871c8\" data-element_type=\"container\" data-settings=\"{&quot;jet_parallax_layout_list&quot;:[]}\">\n\t\t\t\t\t<div class=\"e-con-inner\">\n\t\t<div class=\"elementor-element elementor-element-6ed01992 e-con-full e-flex e-con e-child\" data-id=\"6ed01992\" data-element_type=\"container\" data-settings=\"{&quot;jet_parallax_layout_list&quot;:[]}\">\n\t\t\t\t<div class=\"elementor-element elementor-element-59ac06e elementor-widget elementor-widget-heading\" data-id=\"59ac06e\" data-element_type=\"widget\" data-widget_type=\"heading.default\">\n\t\t\t\t<div class=\"elementor-widget-container\">\n\t\t\t\t\t<h2 class=\"elementor-heading-title elementor-size-default\">Pourquoi opter pour une maison avec piscine au Portugal ?\n<\/h2>\t\t\t\t<\/div>\n\t\t\t\t<\/div>\n\t\t\t\t<div class=\"elementor-element elementor-element-7ba53b4a elementor-widget elementor-widget-text-editor\" data-id=\"7ba53b4a\" data-element_type=\"widget\" data-widget_type=\"text-editor.default\">\n\t\t\t\t<div class=\"elementor-widget-container\">\n\t\t\t\t\t\t\t\t\t<p><span style=\"font-weight: 400;\">R\u00e9server une maison avec piscine offre une exp\u00e9rience unique, alliant confort, intimit\u00e9 et moments de d\u00e9tente. Voici quelques raisons qui rendent cette option irr\u00e9sistible :<\/span><\/p><ul><li style=\"font-weight: 400;\" aria-level=\"1\"><b>Climat ensoleill\u00e9<\/b><span style=\"font-weight: 400;\"> : Avec plus de 300 jours de soleil par an, le Portugal est une destination id\u00e9ale pour profiter d&rsquo;une piscine priv\u00e9e.<\/span><\/li><li style=\"font-weight: 400;\" aria-level=\"1\"><b>Intimit\u00e9 et confort<\/b><span style=\"font-weight: 400;\"> : Contrairement aux h\u00f4tels ou complexes touristiques, une maison avec piscine garantit une totale intimit\u00e9.<\/span><\/li><li style=\"font-weight: 400;\" aria-level=\"1\"><b>Proximit\u00e9 des plages<\/b><span style=\"font-weight: 400;\"> : Vous pouvez combiner baignades en piscine et sorties sur des plages paradisiaques.<\/span><\/li><\/ul>\t\t\t\t\t\t\t\t<\/div>\n\t\t\t\t<\/div>\n\t\t\t\t<div class=\"elementor-element elementor-element-219d461f elementor-widget elementor-widget-heading\" data-id=\"219d461f\" data-element_type=\"widget\" data-widget_type=\"heading.default\">\n\t\t\t\t<div class=\"elementor-widget-container\">\n\t\t\t\t\t<h3 class=\"elementor-heading-title elementor-size-default\">Les r\u00e9gions id\u00e9ales pour louer une maison avec piscine\n<\/h3>\t\t\t\t<\/div>\n\t\t\t\t<\/div>\n\t\t\t\t<div class=\"elementor-element elementor-element-604bd1d1 elementor-widget elementor-widget-heading\" data-id=\"604bd1d1\" data-element_type=\"widget\" data-widget_type=\"heading.default\">\n\t\t\t\t<div class=\"elementor-widget-container\">\n\t\t\t\t\t<h4 class=\"elementor-heading-title elementor-size-default\">Algarve : Le paradis des locations avec piscine\n<\/h4>\t\t\t\t<\/div>\n\t\t\t\t<\/div>\n\t\t\t\t<div class=\"elementor-element elementor-element-31c733fc elementor-widget elementor-widget-text-editor\" data-id=\"31c733fc\" data-element_type=\"widget\" data-widget_type=\"text-editor.default\">\n\t\t\t\t<div class=\"elementor-widget-container\">\n\t\t\t\t\t\t\t\t\t<p>L&rsquo;Algarve est la destination phare pour louer une maison au Portugal avec piscine.<\/p><p>Cette r\u00e9gion du sud offre un large choix de villas luxueuses et d\u2019appartements avec piscine, entour\u00e9s de plages spectaculaires.<\/p><p>Parmi les avantages, on retrouve la proximit\u00e9 de plages r\u00e9put\u00e9es comme Praia da Marinha ou Praia da Rocha, ainsi qu\u2019un climat doux qui reste agr\u00e9able m\u00eame hors saison.<\/p><p>Par exemple, une maison \u00e0 louer au Portugal avec piscine priv\u00e9e en Algarve constitue un choix id\u00e9al pour des vacances en famille ou entre amis.<\/p>\t\t\t\t\t\t\t\t<\/div>\n\t\t\t\t<\/div>\n\t\t\t\t<div class=\"elementor-element elementor-element-7df0a534 elementor-widget elementor-widget-heading\" data-id=\"7df0a534\" data-element_type=\"widget\" data-widget_type=\"heading.default\">\n\t\t\t\t<div class=\"elementor-widget-container\">\n\t\t\t\t\t<h4 class=\"elementor-heading-title elementor-size-default\">S\u00e9jour culturel et raffin\u00e9 \u00e0 Lisbonne<\/h4>\t\t\t\t<\/div>\n\t\t\t\t<\/div>\n\t\t\t\t<div class=\"elementor-element elementor-element-538cea21 elementor-widget elementor-widget-text-editor\" data-id=\"538cea21\" data-element_type=\"widget\" data-widget_type=\"text-editor.default\">\n\t\t\t\t<div class=\"elementor-widget-container\">\n\t\t\t\t\t\t\t\t\t<p>Pour une exp\u00e9rience unique combinant culture et confort, optez pour une maison \u00e0 louer \u00e0 Lisbonne avec piscine.<\/p><p>La proximit\u00e9 de la capitale permet de d\u00e9couvrir les merveilles historiques tout en profitant d&rsquo;un logement de standing.<\/p><p>Parmi les avantages, on peut citer l&rsquo;acc\u00e8s facile aux sites touristiques comme la Tour de Bel\u00e9m ou Sintra.<\/p><p>Ce type de location est \u00e9galement id\u00e9al pour des courts s\u00e9jours.<\/p>\t\t\t\t\t\t\t\t<\/div>\n\t\t\t\t<\/div>\n\t\t\t\t<div class=\"elementor-element elementor-element-53f0007 elementor-widget elementor-widget-heading\" data-id=\"53f0007\" data-element_type=\"widget\" data-widget_type=\"heading.default\">\n\t\t\t\t<div class=\"elementor-widget-container\">\n\t\t\t\t\t<h4 class=\"elementor-heading-title elementor-size-default\">Porto et le nord du Portugal<\/h4>\t\t\t\t<\/div>\n\t\t\t\t<\/div>\n\t\t\t\t<div class=\"elementor-element elementor-element-13683e98 elementor-widget elementor-widget-text-editor\" data-id=\"13683e98\" data-element_type=\"widget\" data-widget_type=\"text-editor.default\">\n\t\t\t\t<div class=\"elementor-widget-container\">\n\t\t\t\t\t\t\t\t\t<p>Le nord du Portugal est une destination id\u00e9ale pour ceux qui souhaitent une escapade plus tranquille.<\/p><p>Louer une maison avec piscine dans cette r\u00e9gion permet de profiter de paysages verdoyants tout en s&rsquo;immergeant dans une ambiance authentique.<\/p><p>Par exemple, une villa avec piscine priv\u00e9e situ\u00e9e \u00e0 proximit\u00e9 du Douro offre une exp\u00e9rience unique dans ce cadre apaisant.<\/p>\t\t\t\t\t\t\t\t<\/div>\n\t\t\t\t<\/div>\n\t\t\t\t<\/div>\n\t\t\t\t\t<\/div>\n\t\t\t\t<\/div>\n\t\t<div class=\"elementor-element elementor-element-76bdf9e9 e-flex e-con-boxed e-con e-parent\" data-id=\"76bdf9e9\" data-element_type=\"container\" data-settings=\"{&quot;background_background&quot;:&quot;classic&quot;,&quot;jet_parallax_layout_list&quot;:[]}\">\n\t\t\t\t\t<div class=\"e-con-inner\">\n\t\t<div class=\"elementor-element elementor-element-3f4d73ef e-con-full e-flex e-con e-child\" data-id=\"3f4d73ef\" data-element_type=\"container\" data-settings=\"{&quot;jet_parallax_layout_list&quot;:[]}\">\n\t\t<div class=\"elementor-element elementor-element-43e2bfa2 e-con-full e-flex e-con e-child\" data-id=\"43e2bfa2\" data-element_type=\"container\" data-settings=\"{&quot;jet_parallax_layout_list&quot;:[]}\">\n\t\t\t\t<div class=\"elementor-element elementor-element-cc6a41a elementor-widget elementor-widget-image\" data-id=\"cc6a41a\" data-element_type=\"widget\" data-widget_type=\"image.default\">\n\t\t\t\t<div class=\"elementor-widget-container\">\n\t\t\t\t\t\t\t\t\t\t\t\t\t\t\t<img fetchpriority=\"high\" decoding=\"async\" width=\"800\" height=\"452\" src=\"https:\/\/maisonavendreauportugal.fr\/wp-content\/uploads\/2025\/02\/maison-de-luxe-et-maison-traditionnel-1024x579.webp\" class=\"attachment-large size-large wp-image-643\" alt=\"\" srcset=\"https:\/\/maisonavendreauportugal.fr\/wp-content\/uploads\/2025\/02\/maison-de-luxe-et-maison-traditionnel-1024x579.webp 1024w, https:\/\/maisonavendreauportugal.fr\/wp-content\/uploads\/2025\/02\/maison-de-luxe-et-maison-traditionnel-300x170.webp 300w, https:\/\/maisonavendreauportugal.fr\/wp-content\/uploads\/2025\/02\/maison-de-luxe-et-maison-traditionnel-768x434.webp 768w, https:\/\/maisonavendreauportugal.fr\/wp-content\/uploads\/2025\/02\/maison-de-luxe-et-maison-traditionnel.webp 1472w\" sizes=\"(max-width: 800px) 100vw, 800px\" \/>\t\t\t\t\t\t\t\t\t\t\t\t\t\t\t<\/div>\n\t\t\t\t<\/div>\n\t\t\t\t<\/div>\n\t\t<div class=\"elementor-element elementor-element-1533b153 e-con-full e-flex e-con e-child\" data-id=\"1533b153\" data-element_type=\"container\" data-settings=\"{&quot;jet_parallax_layout_list&quot;:[]}\">\n\t\t\t\t<div class=\"elementor-element elementor-element-23955f28 elementor-widget elementor-widget-heading\" data-id=\"23955f28\" data-element_type=\"widget\" data-widget_type=\"heading.default\">\n\t\t\t\t<div class=\"elementor-widget-container\">\n\t\t\t\t\t<h2 class=\"elementor-heading-title elementor-size-default\">Les diff\u00e9rents types de locations disponibles\n<\/h2>\t\t\t\t<\/div>\n\t\t\t\t<\/div>\n\t\t\t\t<div class=\"elementor-element elementor-element-1a7a7e0 elementor-widget elementor-widget-text-editor\" data-id=\"1a7a7e0\" data-element_type=\"widget\" data-widget_type=\"text-editor.default\">\n\t\t\t\t<div class=\"elementor-widget-container\">\n\t\t\t\t\t\t\t\t\t<p>Les villas de luxe sont id\u00e9ales pour les groupes ou les familles nombreuses, offrant tout l\u2019espace n\u00e9cessaire pour un s\u00e9jour confortable.<\/p><p>Les appartements avec piscine commune repr\u00e9sentent une option \u00e9conomique qui permet de profiter du confort tout en ma\u00eetrisant son budget.<\/p><p>Quant aux maisons traditionnelles, elles sont parfaites pour ceux qui recherchent une exp\u00e9rience authentique.<\/p><p>Chaque type de logement pr\u00e9sente des avantages uniques, s\u2019adaptant parfaitement \u00e0 vos besoins et \u00e0 vos attentes financi\u00e8res.<\/p>\t\t\t\t\t\t\t\t<\/div>\n\t\t\t\t<\/div>\n\t\t\t\t<\/div>\n\t\t\t\t<\/div>\n\t\t\t\t\t<\/div>\n\t\t\t\t<\/div>\n\t\t<div class=\"elementor-element elementor-element-7c00c495 e-flex e-con-boxed e-con e-parent\" data-id=\"7c00c495\" data-element_type=\"container\" data-settings=\"{&quot;background_background&quot;:&quot;classic&quot;,&quot;jet_parallax_layout_list&quot;:[]}\">\n\t\t\t\t\t<div class=\"e-con-inner\">\n\t\t<div class=\"elementor-element elementor-element-7f9a6755 e-con-full e-flex e-con e-child\" data-id=\"7f9a6755\" data-element_type=\"container\" data-settings=\"{&quot;jet_parallax_layout_list&quot;:[]}\">\n\t\t\t\t<div class=\"elementor-element elementor-element-4d2d61e0 elementor-widget elementor-widget-heading\" data-id=\"4d2d61e0\" data-element_type=\"widget\" data-widget_type=\"heading.default\">\n\t\t\t\t<div class=\"elementor-widget-container\">\n\t\t\t\t\t<h2 class=\"elementor-heading-title elementor-size-default\">Combien co\u00fbte une maison avec piscine au Portugal ?\n<\/h2>\t\t\t\t<\/div>\n\t\t\t\t<\/div>\n\t\t\t\t<div class=\"elementor-element elementor-element-584ba555 elementor-widget elementor-widget-text-editor\" data-id=\"584ba555\" data-element_type=\"widget\" data-widget_type=\"text-editor.default\">\n\t\t\t\t<div class=\"elementor-widget-container\">\n\t\t\t\t\t\t\t\t\t<p>Les tarifs des maisons avec piscine au Portugal varient en fonction de plusieurs crit\u00e8res.<\/p><p>Tout d&rsquo;abord, la r\u00e9gion joue un r\u00f4le important dans la d\u00e9termination des prix, avec des tarifs plus \u00e9lev\u00e9s en Algarve ou \u00e0 Lisbonne par rapport au nord du pays.<\/p><p>De plus, le type de maison influence \u00e9galement les co\u00fbts, une villa de luxe \u00e9tant bien plus ch\u00e8re qu&rsquo;un appartement avec piscine commune.<\/p><p>En ce qui concerne les prix moyens, en Algarve, une maison avec piscine priv\u00e9e peut co\u00fbter entre 1 500 \u20ac et 3 000 \u20ac par semaine, tandis qu\u2019\u00e0 Lisbonne, les tarifs commencent \u00e0 partir de 1 200 \u20ac par semaine.<\/p><p>Dans le nord du Portugal, les prix se situent g\u00e9n\u00e9ralement entre 800 \u20ac et 1 500 \u20ac par semaine.<\/p>\t\t\t\t\t\t\t\t<\/div>\n\t\t\t\t<\/div>\n\t\t\t\t<\/div>\n\t\t\t\t\t<\/div>\n\t\t\t\t<\/div>\n\t\t<div class=\"elementor-element elementor-element-30ad4686 e-flex e-con-boxed e-con e-parent\" data-id=\"30ad4686\" data-element_type=\"container\" data-settings=\"{&quot;background_background&quot;:&quot;classic&quot;,&quot;jet_parallax_layout_list&quot;:[]}\">\n\t\t\t\t\t<div class=\"e-con-inner\">\n\t\t<div class=\"elementor-element elementor-element-32d8e98b e-con-full e-flex e-con e-child\" data-id=\"32d8e98b\" data-element_type=\"container\" data-settings=\"{&quot;jet_parallax_layout_list&quot;:[]}\">\n\t\t\t\t<div class=\"elementor-element elementor-element-35fa5e39 elementor-widget elementor-widget-heading\" data-id=\"35fa5e39\" data-element_type=\"widget\" data-widget_type=\"heading.default\">\n\t\t\t\t<div class=\"elementor-widget-container\">\n\t\t\t\t\t<h2 class=\"elementor-heading-title elementor-size-default\">Th\u00e9matiques compl\u00e9mentaires<\/h2>\t\t\t\t<\/div>\n\t\t\t\t<\/div>\n\t\t\t\t<div class=\"elementor-element elementor-element-602c9752 elementor-widget elementor-widget-heading\" data-id=\"602c9752\" data-element_type=\"widget\" data-widget_type=\"heading.default\">\n\t\t\t\t<div class=\"elementor-widget-container\">\n\t\t\t\t\t<h3 class=\"elementor-heading-title elementor-size-default\">Immobilier et achat de maison avec piscine\n<\/h3>\t\t\t\t<\/div>\n\t\t\t\t<\/div>\n\t\t\t\t<div class=\"elementor-element elementor-element-7521e8f0 elementor-widget elementor-widget-text-editor\" data-id=\"7521e8f0\" data-element_type=\"widget\" data-widget_type=\"text-editor.default\">\n\t\t\t\t<div class=\"elementor-widget-container\">\n\t\t\t\t\t\t\t\t\t<p><span style=\"font-weight: 400;\">Si vous pensez \u00e0 investir dans une maison plut\u00f4t que de la louer, nous vous invitons \u00e0 explorer notre section consacr\u00e9e\u00a0\u00e0 la <a href=\"https:\/\/maisonavendreauportugal.fr\/pt\/vente-maison-portugal-bord-de-mer-pas-cher\/\"><strong data-start=\"126\" data-end=\"190\">vente de maisons au Portugal en bord de mer <\/strong><\/a>\u00e0 prix abordable.<\/span><\/p><p><span style=\"font-weight: 400;\"> C\u2019est une belle opportunit\u00e9 pour ceux qui r\u00eavent d\u2019un espace rien qu\u2019\u00e0 eux, que ce soit pour des vacances prolong\u00e9es, une r\u00e9sidence secondaire ou m\u00eame un nouveau d\u00e9part.<\/span><\/p><p><span style=\"font-weight: 400;\">Nous avons s\u00e9lectionn\u00e9 pour vous des <\/span><b>maisons \u00e0 vendre au Portugal avec piscine<\/b><span style=\"font-weight: 400;\"> dans les r\u00e9gions les plus recherch\u00e9es, comme l\u2019Algarve pour ses plages ensoleill\u00e9es, Lisbonne pour son dynamisme culturel, ou encore le nord du pays pour ses paysages verdoyants et son authenticit\u00e9.<\/span><\/p><p><span style=\"font-weight: 400;\"> Prenez le temps de parcourir nos annonces et commencez \u00e0 imaginer votre vie sous le soleil du Portugal.<\/span><\/p>\t\t\t\t\t\t\t\t<\/div>\n\t\t\t\t<\/div>\n\t\t\t\t<div class=\"elementor-element elementor-element-4693afc elementor-widget elementor-widget-heading\" data-id=\"4693afc\" data-element_type=\"widget\" data-widget_type=\"heading.default\">\n\t\t\t\t<div class=\"elementor-widget-container\">\n\t\t\t\t\t<h3 class=\"elementor-heading-title elementor-size-default\">Locations au bord de mer<\/h3>\t\t\t\t<\/div>\n\t\t\t\t<\/div>\n\t\t\t\t<div class=\"elementor-element elementor-element-52f26fd3 elementor-widget elementor-widget-text-editor\" data-id=\"52f26fd3\" data-element_type=\"widget\" data-widget_type=\"text-editor.default\">\n\t\t\t\t<div class=\"elementor-widget-container\">\n\t\t\t\t\t\t\t\t\t<p><span style=\"font-weight: 400;\">Pour une exp\u00e9rience inoubliable, envisagez une location de maison au Portugal au bord de mer, <\/span><span style=\"font-weight: 400;\">combinant plage et piscine priv\u00e9e.<\/span><\/p>\t\t\t\t\t\t\t\t<\/div>\n\t\t\t\t<\/div>\n\t\t\t\t<\/div>\n\t\t\t\t\t<\/div>\n\t\t\t\t<\/div>\n\t\t\t\t<\/div>","protected":false},"excerpt":{"rendered":"<p>Location maison Portugal avec piscine Envie de vacances inoubliables ou d&rsquo;une escapade prolong\u00e9e dans un cadre idyllique ? La location de maison au Portugal avec piscine est une option privil\u00e9gi\u00e9e pour profiter du soleil, des plages et de la richesse culturelle de ce pays enchanteur. Pourquoi opter pour une maison avec piscine au Portugal ? [&hellip;]<\/p>","protected":false},"author":6,"featured_media":0,"parent":0,"menu_order":0,"comment_status":"closed","ping_status":"closed","template":"","meta":{"footnotes":""},"class_list":["post-615","page","type-page","status-publish","hentry"],"_links":{"self":[{"href":"https:\/\/maisonavendreauportugal.fr\/pt\/wp-json\/wp\/v2\/pages\/615","targetHints":{"allow":["GET"]}}],"collection":[{"href":"https:\/\/maisonavendreauportugal.fr\/pt\/wp-json\/wp\/v2\/pages"}],"about":[{"href":"https:\/\/maisonavendreauportugal.fr\/pt\/wp-json\/wp\/v2\/types\/page"}],"author":[{"embeddable":true,"href":"https:\/\/maisonavendreauportugal.fr\/pt\/wp-json\/wp\/v2\/users\/6"}],"replies":[{"embeddable":true,"href":"https:\/\/maisonavendreauportugal.fr\/pt\/wp-json\/wp\/v2\/comments?post=615"}],"version-history":[{"count":10,"href":"https:\/\/maisonavendreauportugal.fr\/pt\/wp-json\/wp\/v2\/pages\/615\/revisions"}],"predecessor-version":[{"id":903,"href":"https:\/\/maisonavendreauportugal.fr\/pt\/wp-json\/wp\/v2\/pages\/615\/revisions\/903"}],"wp:attachment":[{"href":"https:\/\/maisonavendreauportugal.fr\/pt\/wp-json\/wp\/v2\/media?parent=615"}],"curies":[{"name":"wp","href":"https:\/\/api.w.org\/{rel}","templated":true}]}}