{"id":626,"date":"2025-02-11T11:27:49","date_gmt":"2025-02-11T14:27:49","guid":{"rendered":"https:\/\/maisonavendreauportugal.fr\/?page_id=626"},"modified":"2025-02-28T16:15:15","modified_gmt":"2025-02-28T15:15:15","slug":"prix-au-portugal","status":"publish","type":"page","link":"https:\/\/maisonavendreauportugal.fr\/pt\/prix-au-portugal\/","title":{"rendered":"Prix au Portugal"},"content":{"rendered":"<div data-elementor-type=\"wp-page\" data-elementor-id=\"626\" class=\"elementor elementor-626\" data-elementor-post-type=\"page\">\n\t\t\t\t<div class=\"elementor-element elementor-element-1acb6c7e e-flex e-con-boxed e-con e-parent\" data-id=\"1acb6c7e\" data-element_type=\"container\" data-settings=\"{&quot;jet_parallax_layout_list&quot;:[]}\">\n\t\t\t\t\t<div class=\"e-con-inner\">\n\t\t<div class=\"elementor-element elementor-element-7a7b792b e-con-full e-flex e-con e-child\" data-id=\"7a7b792b\" data-element_type=\"container\" data-settings=\"{&quot;background_background&quot;:&quot;classic&quot;,&quot;jet_parallax_layout_list&quot;:[]}\">\n\t\t<div class=\"elementor-element elementor-element-5ab1012 e-con-full e-flex e-con e-child\" data-id=\"5ab1012\" data-element_type=\"container\" data-settings=\"{&quot;jet_parallax_layout_list&quot;:[]}\">\n\t\t<div class=\"elementor-element elementor-element-7a77401c e-con-full e-flex e-con e-child\" data-id=\"7a77401c\" data-element_type=\"container\" data-settings=\"{&quot;jet_parallax_layout_list&quot;:[]}\">\n\t\t\t\t<div class=\"elementor-element elementor-element-28ef6e18 elementor-widget elementor-widget-heading\" data-id=\"28ef6e18\" data-element_type=\"widget\" data-widget_type=\"heading.default\">\n\t\t\t\t<div class=\"elementor-widget-container\">\n\t\t\t\t\t<h1 class=\"elementor-heading-title elementor-size-default\">Prix au Portugal : Comprendre les Co\u00fbts de la Vie et les Opportunit\u00e9s<\/h1>\t\t\t\t<\/div>\n\t\t\t\t<\/div>\n\t\t\t\t<div class=\"elementor-element elementor-element-2f2a773 elementor-widget-mobile__width-initial elementor-widget elementor-widget-text-editor\" data-id=\"2f2a773\" data-element_type=\"widget\" data-widget_type=\"text-editor.default\">\n\t\t\t\t<div class=\"elementor-widget-container\">\n\t\t\t\t\t\t\t\t\t<p><span style=\"font-weight: 400;\">D\u00e9couvrez tout ce qu&rsquo;il faut savoir sur les prix au Portugal, des d\u00e9penses quotidiennes aux co\u00fbts de logement et de loisirs, pour mieux planifier votre budget ou votre installation dans ce pays.<\/span><\/p>\t\t\t\t\t\t\t\t<\/div>\n\t\t\t\t<\/div>\n\t\t\t\t<\/div>\n\t\t\t\t<\/div>\n\t\t\t\t<\/div>\n\t\t\t\t\t<\/div>\n\t\t\t\t<\/div>\n\t\t<div class=\"elementor-element elementor-element-484bf211 e-flex e-con-boxed e-con e-parent\" data-id=\"484bf211\" data-element_type=\"container\" data-settings=\"{&quot;jet_parallax_layout_list&quot;:[]}\">\n\t\t\t\t\t<div class=\"e-con-inner\">\n\t\t<div class=\"elementor-element elementor-element-3326548a e-con-full e-flex e-con e-child\" data-id=\"3326548a\" data-element_type=\"container\" data-settings=\"{&quot;jet_parallax_layout_list&quot;:[]}\">\n\t\t\t\t<div class=\"elementor-element elementor-element-3fd4c4c6 elementor-widget elementor-widget-heading\" data-id=\"3fd4c4c6\" data-element_type=\"widget\" data-widget_type=\"heading.default\">\n\t\t\t\t<div class=\"elementor-widget-container\">\n\t\t\t\t\t<h2 class=\"elementor-heading-title elementor-size-default\">Aper\u00e7u G\u00e9n\u00e9ral des Prix au Portugal\n<\/h2>\t\t\t\t<\/div>\n\t\t\t\t<\/div>\n\t\t\t\t<div class=\"elementor-element elementor-element-5e669f9f elementor-widget elementor-widget-text-editor\" data-id=\"5e669f9f\" data-element_type=\"widget\" data-widget_type=\"text-editor.default\">\n\t\t\t\t<div class=\"elementor-widget-container\">\n\t\t\t\t\t\t\t\t\t<p><span style=\"font-weight: 400;\">Le Portugal est reconnu pour son co\u00fbt de la vie attractif, qui en fait une destination pris\u00e9e aussi bien par les expatri\u00e9s que par les touristes.<\/span><\/p><p><span style=\"font-weight: 400;\"> Toutefois, les prix peuvent varier consid\u00e9rablement selon les r\u00e9gions.<\/span><\/p><p><span style=\"font-weight: 400;\"> Les zones touristiques comme l&rsquo;Algarve ou Lisbonne sont souvent plus ch\u00e8res que les r\u00e9gions int\u00e9rieures ou le nord du pays.<\/span><\/p><p><span style=\"font-weight: 400;\">En moyenne, vivre au Portugal reste moins on\u00e9reux que dans d&rsquo;autres pays d&rsquo;Europe de l&rsquo;Ouest, tout en offrant une qualit\u00e9 de vie exceptionnelle.<\/span><\/p>\t\t\t\t\t\t\t\t<\/div>\n\t\t\t\t<\/div>\n\t\t\t\t<\/div>\n\t\t\t\t\t<\/div>\n\t\t\t\t<\/div>\n\t\t<div class=\"elementor-element elementor-element-354dbbb1 e-flex e-con-boxed e-con e-parent\" data-id=\"354dbbb1\" data-element_type=\"container\" data-settings=\"{&quot;jet_parallax_layout_list&quot;:[]}\">\n\t\t\t\t\t<div class=\"e-con-inner\">\n\t\t<div class=\"elementor-element elementor-element-4126c9e e-con-full e-flex e-con e-child\" data-id=\"4126c9e\" data-element_type=\"container\" data-settings=\"{&quot;jet_parallax_layout_list&quot;:[]}\">\n\t\t\t\t<div class=\"elementor-element elementor-element-49e2d787 elementor-widget elementor-widget-heading\" data-id=\"49e2d787\" data-element_type=\"widget\" data-widget_type=\"heading.default\">\n\t\t\t\t<div class=\"elementor-widget-container\">\n\t\t\t\t\t<h2 class=\"elementor-heading-title elementor-size-default\">Co\u00fbt de la Vie au Portugal : Une Vue d\u2019Ensemble<\/h2>\t\t\t\t<\/div>\n\t\t\t\t<\/div>\n\t\t\t\t<div class=\"elementor-element elementor-element-29002a0 elementor-widget elementor-widget-text-editor\" data-id=\"29002a0\" data-element_type=\"widget\" data-widget_type=\"text-editor.default\">\n\t\t\t\t<div class=\"elementor-widget-container\">\n\t\t\t\t\t\t\t\t\t<p><span style=\"font-weight: 400;\">Le <\/span><b>co\u00fbt de la vie au Portugal<\/b><span style=\"font-weight: 400;\"> peut \u00eatre divis\u00e9 en plusieurs cat\u00e9gories principales :<\/span><\/p><ul><li style=\"font-weight: 400;\" aria-level=\"1\"><b>Logement<\/b><span style=\"font-weight: 400;\"> : Le prix des loyers et des biens immobiliers varie en fonction de la localisation. Par exemple, les loyers sont plus \u00e9lev\u00e9s \u00e0 Lisbonne qu&rsquo;\u00e0 Faro.<\/span><\/li><li style=\"font-weight: 400;\" aria-level=\"1\"><b>Nourriture<\/b><span style=\"font-weight: 400;\"> : Les produits alimentaires locaux sont abordables, notamment dans les march\u00e9s traditionnels.<\/span><\/li><li style=\"font-weight: 400;\" aria-level=\"1\"><b>Transports<\/b><span style=\"font-weight: 400;\"> : Les transports publics, comme les trains et bus, sont relativement bon march\u00e9.<\/span><\/li><li style=\"font-weight: 400;\" aria-level=\"1\"><b>Loisirs<\/b><span style=\"font-weight: 400;\"> : Le Portugal propose une vari\u00e9t\u00e9 d&rsquo;activit\u00e9s accessibles, notamment les plages, mus\u00e9es et \u00e9v\u00e9nements culturels.<\/span><\/li><\/ul>\t\t\t\t\t\t\t\t<\/div>\n\t\t\t\t<\/div>\n\t\t\t\t<\/div>\n\t\t\t\t\t<\/div>\n\t\t\t\t<\/div>\n\t\t<div class=\"elementor-element elementor-element-73447f70 e-flex e-con-boxed e-con e-parent\" data-id=\"73447f70\" data-element_type=\"container\" data-settings=\"{&quot;jet_parallax_layout_list&quot;:[]}\">\n\t\t\t\t\t<div class=\"e-con-inner\">\n\t\t<div class=\"elementor-element elementor-element-d83b271 e-con-full e-flex e-con e-child\" data-id=\"d83b271\" data-element_type=\"container\" data-settings=\"{&quot;jet_parallax_layout_list&quot;:[]}\">\n\t\t\t\t<div class=\"elementor-element elementor-element-3d33a6c5 elementor-widget elementor-widget-image\" data-id=\"3d33a6c5\" data-element_type=\"widget\" data-widget_type=\"image.default\">\n\t\t\t\t<div class=\"elementor-widget-container\">\n\t\t\t\t\t\t\t\t\t\t\t\t\t\t\t<img fetchpriority=\"high\" decoding=\"async\" width=\"800\" height=\"452\" src=\"https:\/\/maisonavendreauportugal.fr\/wp-content\/uploads\/2025\/02\/activites-et-loisirs-au-portugal-1024x579.webp\" class=\"attachment-large size-large wp-image-640\" alt=\"\" srcset=\"https:\/\/maisonavendreauportugal.fr\/wp-content\/uploads\/2025\/02\/activites-et-loisirs-au-portugal-1024x579.webp 1024w, https:\/\/maisonavendreauportugal.fr\/wp-content\/uploads\/2025\/02\/activites-et-loisirs-au-portugal-300x170.webp 300w, https:\/\/maisonavendreauportugal.fr\/wp-content\/uploads\/2025\/02\/activites-et-loisirs-au-portugal-768x434.webp 768w, https:\/\/maisonavendreauportugal.fr\/wp-content\/uploads\/2025\/02\/activites-et-loisirs-au-portugal.webp 1472w\" sizes=\"(max-width: 800px) 100vw, 800px\" \/>\t\t\t\t\t\t\t\t\t\t\t\t\t\t\t<\/div>\n\t\t\t\t<\/div>\n\t\t\t\t<\/div>\n\t\t<div class=\"elementor-element elementor-element-6dfe5c84 e-con-full e-flex e-con e-child\" data-id=\"6dfe5c84\" data-element_type=\"container\" data-settings=\"{&quot;jet_parallax_layout_list&quot;:[]}\">\n\t\t\t\t<div class=\"elementor-element elementor-element-6610d35c elementor-widget elementor-widget-heading\" data-id=\"6610d35c\" data-element_type=\"widget\" data-widget_type=\"heading.default\">\n\t\t\t\t<div class=\"elementor-widget-container\">\n\t\t\t\t\t<h2 class=\"elementor-heading-title elementor-size-default\">Prix des Restaurants et Loisirs au Portugal\n<\/h2>\t\t\t\t<\/div>\n\t\t\t\t<\/div>\n\t\t\t\t<div class=\"elementor-element elementor-element-3d1b3b45 elementor-widget elementor-widget-text-editor\" data-id=\"3d1b3b45\" data-element_type=\"widget\" data-widget_type=\"text-editor.default\">\n\t\t\t\t<div class=\"elementor-widget-container\">\n\t\t\t\t\t\t\t\t\t<p>Le Portugal offre une exp\u00e9rience gastronomique abordable par rapport \u00e0 d&rsquo;autres pays europ\u00e9ens.<\/p><p>Dans un restaurant traditionnel, il est possible de savourer un repas pour un prix situ\u00e9 entre 8 et 15 euros.<\/p><p>Un d\u00eener pour deux dans un \u00e9tablissement de milieu de gamme revient g\u00e9n\u00e9ralement \u00e0 une trentaine d\u2019euros.<\/p><p>Pour une pause caf\u00e9 ou un verre de vin, il suffit souvent de moins de 2 euros, quel que soit l\u2019endroit.<\/p><p>C\u00f4t\u00e9 loisirs, le pays regorge de plages magnifiques, de parcs nationaux et de monuments historiques, permettant de profiter d\u2019exp\u00e9riences riches et vari\u00e9es sans se ruiner.<\/p>\t\t\t\t\t\t\t\t<\/div>\n\t\t\t\t<\/div>\n\t\t\t\t<\/div>\n\t\t\t\t\t<\/div>\n\t\t\t\t<\/div>\n\t\t<div class=\"elementor-element elementor-element-17646a4e e-flex e-con-boxed e-con e-parent\" data-id=\"17646a4e\" data-element_type=\"container\" data-settings=\"{&quot;jet_parallax_layout_list&quot;:[]}\">\n\t\t\t\t\t<div class=\"e-con-inner\">\n\t\t<div class=\"elementor-element elementor-element-253b8706 e-con-full e-flex e-con e-child\" data-id=\"253b8706\" data-element_type=\"container\" data-settings=\"{&quot;jet_parallax_layout_list&quot;:[]}\">\n\t\t\t\t<div class=\"elementor-element elementor-element-728120ad elementor-widget elementor-widget-heading\" data-id=\"728120ad\" data-element_type=\"widget\" data-widget_type=\"heading.default\">\n\t\t\t\t<div class=\"elementor-widget-container\">\n\t\t\t\t\t<h2 class=\"elementor-heading-title elementor-size-default\">Niveau de Vie et Budget Requis pour Vivre au Portugal<\/h2>\t\t\t\t<\/div>\n\t\t\t\t<\/div>\n\t\t\t\t<div class=\"elementor-element elementor-element-469b587b elementor-widget elementor-widget-text-editor\" data-id=\"469b587b\" data-element_type=\"widget\" data-widget_type=\"text-editor.default\">\n\t\t\t\t<div class=\"elementor-widget-container\">\n\t\t\t\t\t\t\t\t\t<p>Le niveau de vie au Portugal est globalement \u00e9lev\u00e9 gr\u00e2ce \u00e0 une \u00e9conomie stable et un climat agr\u00e9able. Cependant, bien vivre dans le pays demande une gestion attentive du budget. Pour une personne seule, les d\u00e9penses mensuelles se situent g\u00e9n\u00e9ralement entre 800 et 1 200 euros, en fonction de la ville. Une famille devra pr\u00e9voir un budget plus cons\u00e9quent, notamment en raison des co\u00fbts li\u00e9s au logement et \u00e0 l\u2019\u00e9ducation.<\/p>\t\t\t\t\t\t\t\t<\/div>\n\t\t\t\t<\/div>\n\t\t\t\t<\/div>\n\t\t\t\t\t<\/div>\n\t\t\t\t<\/div>\n\t\t<div class=\"elementor-element elementor-element-3019b9c8 e-flex e-con-boxed e-con e-parent\" data-id=\"3019b9c8\" data-element_type=\"container\" data-settings=\"{&quot;jet_parallax_layout_list&quot;:[]}\">\n\t\t\t\t\t<div class=\"e-con-inner\">\n\t\t<div class=\"elementor-element elementor-element-724a64b e-con-full e-flex e-con e-child\" data-id=\"724a64b\" data-element_type=\"container\" data-settings=\"{&quot;jet_parallax_layout_list&quot;:[]}\">\n\t\t\t\t<div class=\"elementor-element elementor-element-70417d9f elementor-widget elementor-widget-heading\" data-id=\"70417d9f\" data-element_type=\"widget\" data-widget_type=\"heading.default\">\n\t\t\t\t<div class=\"elementor-widget-container\">\n\t\t\t\t\t<h2 class=\"elementor-heading-title elementor-size-default\">Aper\u00e7u des Prix Immobiliers et Loyers<\/h2>\t\t\t\t<\/div>\n\t\t\t\t<\/div>\n\t\t\t\t<div class=\"elementor-element elementor-element-1e7180c7 elementor-widget elementor-widget-text-editor\" data-id=\"1e7180c7\" data-element_type=\"widget\" data-widget_type=\"text-editor.default\">\n\t\t\t\t<div class=\"elementor-widget-container\">\n\t\t\t\t\t\t\t\t\t<p><span style=\"font-weight: 400;\">Le march\u00e9 immobilier portugais offre des opportunit\u00e9s vari\u00e9es :<\/span><\/p><ul><li style=\"font-weight: 400;\" aria-level=\"1\"><span style=\"font-weight: 400;\">Les loyers mensuels pour un appartement T2 varient entre 400 \u20ac dans des villes comme Porto et 1 200 \u20ac \u00e0 Lisbonne.<\/span><\/li><li style=\"font-weight: 400;\" aria-level=\"1\"><span style=\"font-weight: 400;\">Les prix d&rsquo;achat immobilier oscillent entre 2 000 et 5 000 \u20ac\/m\u00b2 selon la r\u00e9gion.<\/span><\/li><\/ul><p>\u00a0<\/p><p>Pour un achat s\u00fbr et inform\u00e9, nous recommandons le soutien d&rsquo;une <a href=\"https:\/\/maisonavendreauportugal.fr\/pt\/agence-immobiliere-au-portugal\/\">agence immobili\u00e8re au Portugal<\/a>.<\/p><p data-sourcepos=\"12:1-12:206\">\u00a0<\/p>\t\t\t\t\t\t\t\t<\/div>\n\t\t\t\t<\/div>\n\t\t\t\t<\/div>\n\t\t\t\t\t<\/div>\n\t\t\t\t<\/div>\n\t\t<div class=\"elementor-element elementor-element-4f0a6272 e-flex e-con-boxed e-con e-parent\" data-id=\"4f0a6272\" data-element_type=\"container\" data-settings=\"{&quot;jet_parallax_layout_list&quot;:[]}\">\n\t\t\t\t\t<div class=\"e-con-inner\">\n\t\t<div class=\"elementor-element elementor-element-8e61775 e-con-full e-flex e-con e-child\" data-id=\"8e61775\" data-element_type=\"container\" data-settings=\"{&quot;jet_parallax_layout_list&quot;:[]}\">\n\t\t\t\t<div class=\"elementor-element elementor-element-57d5c4ea elementor-widget elementor-widget-image\" data-id=\"57d5c4ea\" data-element_type=\"widget\" data-widget_type=\"image.default\">\n\t\t\t\t<div class=\"elementor-widget-container\">\n\t\t\t\t\t\t\t\t\t\t\t\t\t\t\t<img decoding=\"async\" width=\"800\" height=\"452\" src=\"https:\/\/maisonavendreauportugal.fr\/wp-content\/uploads\/2025\/02\/avion-en-vol-1024x579.webp\" class=\"attachment-large size-large wp-image-639\" alt=\"\" srcset=\"https:\/\/maisonavendreauportugal.fr\/wp-content\/uploads\/2025\/02\/avion-en-vol-1024x579.webp 1024w, https:\/\/maisonavendreauportugal.fr\/wp-content\/uploads\/2025\/02\/avion-en-vol-300x170.webp 300w, https:\/\/maisonavendreauportugal.fr\/wp-content\/uploads\/2025\/02\/avion-en-vol-768x434.webp 768w, https:\/\/maisonavendreauportugal.fr\/wp-content\/uploads\/2025\/02\/avion-en-vol.webp 1472w\" sizes=\"(max-width: 800px) 100vw, 800px\" \/>\t\t\t\t\t\t\t\t\t\t\t\t\t\t\t<\/div>\n\t\t\t\t<\/div>\n\t\t\t\t<\/div>\n\t\t<div class=\"elementor-element elementor-element-64a5bc26 e-con-full e-flex e-con e-child\" data-id=\"64a5bc26\" data-element_type=\"container\" data-settings=\"{&quot;jet_parallax_layout_list&quot;:[]}\">\n\t\t\t\t<div class=\"elementor-element elementor-element-1ef20ad6 elementor-widget elementor-widget-heading\" data-id=\"1ef20ad6\" data-element_type=\"widget\" data-widget_type=\"heading.default\">\n\t\t\t\t<div class=\"elementor-widget-container\">\n\t\t\t\t\t<h2 class=\"elementor-heading-title elementor-size-default\">Voyager au Portugal : Combien \u00c7a Co\u00fbte ?\n<\/h2>\t\t\t\t<\/div>\n\t\t\t\t<\/div>\n\t\t\t\t<div class=\"elementor-element elementor-element-3d331615 elementor-widget elementor-widget-text-editor\" data-id=\"3d331615\" data-element_type=\"widget\" data-widget_type=\"text-editor.default\">\n\t\t\t\t<div class=\"elementor-widget-container\">\n\t\t\t\t\t\t\t\t\t<p>Planifier un voyage au Portugal implique d\u2019avoir une id\u00e9e des co\u00fbts approximatifs.<\/p><p>Pour l\u2019h\u00e9bergement, il faut pr\u00e9voir entre 50 et 150 \u20ac par nuit, en fonction de la saison et de l\u2019emplacement.<\/p><p>Les transports interurbains, comme un trajet en train entre Lisbonne et Porto, reviennent en moyenne \u00e0 20 \u20ac.<\/p><p>C\u00f4t\u00e9 activit\u00e9s, les plages et les attractions naturelles sont g\u00e9n\u00e9ralement gratuites, tandis que l\u2019entr\u00e9e des mus\u00e9es d\u00e9passe rarement les 10 \u20ac.<\/p>\t\t\t\t\t\t\t\t<\/div>\n\t\t\t\t<\/div>\n\t\t\t\t<\/div>\n\t\t\t\t\t<\/div>\n\t\t\t\t<\/div>\n\t\t\t\t<\/div>","protected":false},"excerpt":{"rendered":"<p>Prix au Portugal : Comprendre les Co\u00fbts de la Vie et les Opportunit\u00e9s D\u00e9couvrez tout ce qu&rsquo;il faut savoir sur les prix au Portugal, des d\u00e9penses quotidiennes aux co\u00fbts de logement et de loisirs, pour mieux planifier votre budget ou votre installation dans ce pays. Aper\u00e7u G\u00e9n\u00e9ral des Prix au Portugal Le Portugal est reconnu [&hellip;]<\/p>","protected":false},"author":6,"featured_media":0,"parent":0,"menu_order":0,"comment_status":"closed","ping_status":"closed","template":"","meta":{"footnotes":""},"class_list":["post-626","page","type-page","status-publish","hentry"],"_links":{"self":[{"href":"https:\/\/maisonavendreauportugal.fr\/pt\/wp-json\/wp\/v2\/pages\/626","targetHints":{"allow":["GET"]}}],"collection":[{"href":"https:\/\/maisonavendreauportugal.fr\/pt\/wp-json\/wp\/v2\/pages"}],"about":[{"href":"https:\/\/maisonavendreauportugal.fr\/pt\/wp-json\/wp\/v2\/types\/page"}],"author":[{"embeddable":true,"href":"https:\/\/maisonavendreauportugal.fr\/pt\/wp-json\/wp\/v2\/users\/6"}],"replies":[{"embeddable":true,"href":"https:\/\/maisonavendreauportugal.fr\/pt\/wp-json\/wp\/v2\/comments?post=626"}],"version-history":[{"count":10,"href":"https:\/\/maisonavendreauportugal.fr\/pt\/wp-json\/wp\/v2\/pages\/626\/revisions"}],"predecessor-version":[{"id":906,"href":"https:\/\/maisonavendreauportugal.fr\/pt\/wp-json\/wp\/v2\/pages\/626\/revisions\/906"}],"wp:attachment":[{"href":"https:\/\/maisonavendreauportugal.fr\/pt\/wp-json\/wp\/v2\/media?parent=626"}],"curies":[{"name":"wp","href":"https:\/\/api.w.org\/{rel}","templated":true}]}}