{"id":662,"date":"2025-02-11T16:51:09","date_gmt":"2025-02-11T19:51:09","guid":{"rendered":"https:\/\/maisonavendreauportugal.fr\/?page_id=662"},"modified":"2025-09-13T17:49:01","modified_gmt":"2025-09-13T15:49:01","slug":"thematiques","status":"publish","type":"page","link":"https:\/\/maisonavendreauportugal.fr\/pt\/thematiques\/","title":{"rendered":"Guides"},"content":{"rendered":"<div data-elementor-type=\"wp-page\" data-elementor-id=\"662\" class=\"elementor elementor-662\" data-elementor-post-type=\"page\">\n\t\t\t\t<div class=\"elementor-element elementor-element-f88466a e-flex e-con-boxed e-con e-parent\" data-id=\"f88466a\" data-element_type=\"container\" data-settings=\"{&quot;background_background&quot;:&quot;classic&quot;,&quot;jet_parallax_layout_list&quot;:[]}\">\n\t\t\t\t\t<div class=\"e-con-inner\">\n\t\t\t\t<div class=\"elementor-element elementor-element-31965a4 elementor-widget elementor-widget-heading\" data-id=\"31965a4\" data-element_type=\"widget\" data-widget_type=\"heading.default\">\n\t\t\t\t<div class=\"elementor-widget-container\">\n\t\t\t\t\t<h1 class=\"elementor-heading-title elementor-size-default\">Th\u00e9matiques<\/h1>\t\t\t\t<\/div>\n\t\t\t\t<\/div>\n\t\t\t\t\t<\/div>\n\t\t\t\t<\/div>\n\t\t<div class=\"elementor-element elementor-element-76b2484 e-flex e-con-boxed e-con e-parent\" data-id=\"76b2484\" data-element_type=\"container\" data-settings=\"{&quot;jet_parallax_layout_list&quot;:[]}\">\n\t\t\t\t\t<div class=\"e-con-inner\">\n\t\t\t\t<div class=\"elementor-element elementor-element-0a552e5 animated-slow elementor-invisible elementor-widget elementor-widget-heading\" data-id=\"0a552e5\" data-element_type=\"widget\" data-settings=\"{&quot;_animation&quot;:&quot;slideInUp&quot;}\" data-widget_type=\"heading.default\">\n\t\t\t\t<div class=\"elementor-widget-container\">\n\t\t\t\t\t<p class=\"elementor-heading-title elementor-size-default\">D\u00e9couvrez nos cat\u00e9gories principales<\/p>\t\t\t\t<\/div>\n\t\t\t\t<\/div>\n\t\t\t\t<div class=\"elementor-element elementor-element-bb49998 animated-slow elementor-invisible elementor-widget elementor-widget-heading\" data-id=\"bb49998\" data-element_type=\"widget\" data-settings=\"{&quot;_animation&quot;:&quot;slideInUp&quot;}\" data-widget_type=\"heading.default\">\n\t\t\t\t<div class=\"elementor-widget-container\">\n\t\t\t\t\t<h2 class=\"elementor-heading-title elementor-size-default\">Nos Th\u00e8mes<\/h2>\t\t\t\t<\/div>\n\t\t\t\t<\/div>\n\t\t\t\t\t<\/div>\n\t\t\t\t<\/div>\n\t\t<div class=\"elementor-element elementor-element-a239434 services-blocks e-flex e-con-boxed e-con e-parent\" data-id=\"a239434\" data-element_type=\"container\" data-settings=\"{&quot;jet_parallax_layout_list&quot;:[]}\">\n\t\t\t\t\t<div class=\"e-con-inner\">\n\t\t<div class=\"elementor-element elementor-element-060f039 e-con-full e-flex e-con e-child\" data-id=\"060f039\" data-element_type=\"container\" data-settings=\"{&quot;jet_parallax_layout_list&quot;:[]}\">\n\t\t\t\t<div class=\"elementor-element elementor-element-24d4550 elementor-widget elementor-widget-image\" data-id=\"24d4550\" data-element_type=\"widget\" data-widget_type=\"image.default\">\n\t\t\t\t<div class=\"elementor-widget-container\">\n\t\t\t\t\t\t\t\t\t\t\t\t\t\t\t<img fetchpriority=\"high\" decoding=\"async\" width=\"800\" height=\"452\" src=\"https:\/\/maisonavendreauportugal.fr\/wp-content\/uploads\/2025\/02\/Graphique-prix-au-portugal-1-1024x579.webp\" class=\"attachment-large size-large wp-image-641\" alt=\"\" srcset=\"https:\/\/maisonavendreauportugal.fr\/wp-content\/uploads\/2025\/02\/Graphique-prix-au-portugal-1-1024x579.webp 1024w, https:\/\/maisonavendreauportugal.fr\/wp-content\/uploads\/2025\/02\/Graphique-prix-au-portugal-1-300x170.webp 300w, https:\/\/maisonavendreauportugal.fr\/wp-content\/uploads\/2025\/02\/Graphique-prix-au-portugal-1-768x434.webp 768w, https:\/\/maisonavendreauportugal.fr\/wp-content\/uploads\/2025\/02\/Graphique-prix-au-portugal-1.webp 1472w\" sizes=\"(max-width: 800px) 100vw, 800px\" \/>\t\t\t\t\t\t\t\t\t\t\t\t\t\t\t<\/div>\n\t\t\t\t<\/div>\n\t\t\t\t<div class=\"elementor-element elementor-element-947e976 elementor-widget elementor-widget-heading\" data-id=\"947e976\" data-element_type=\"widget\" data-widget_type=\"heading.default\">\n\t\t\t\t<div class=\"elementor-widget-container\">\n\t\t\t\t\t<h2 class=\"elementor-heading-title elementor-size-default\">Prix au Portugal\n<\/h2>\t\t\t\t<\/div>\n\t\t\t\t<\/div>\n\t\t\t\t<div class=\"elementor-element elementor-element-fb9c589 elementor-widget elementor-widget-button\" data-id=\"fb9c589\" data-element_type=\"widget\" data-widget_type=\"button.default\">\n\t\t\t\t<div class=\"elementor-widget-container\">\n\t\t\t\t\t\t\t\t\t<div class=\"elementor-button-wrapper\">\n\t\t\t\t\t<a class=\"elementor-button elementor-button-link elementor-size-sm\" href=\"https:\/\/maisonavendreauportugal.fr\/pt\/prix-au-portugal\/\">\n\t\t\t\t\t\t<span class=\"elementor-button-content-wrapper\">\n\t\t\t\t\t\t\t\t\t<span class=\"elementor-button-text\">En savoir plus<\/span>\n\t\t\t\t\t<\/span>\n\t\t\t\t\t<\/a>\n\t\t\t\t<\/div>\n\t\t\t\t\t\t\t\t<\/div>\n\t\t\t\t<\/div>\n\t\t\t\t<\/div>\n\t\t<div class=\"elementor-element elementor-element-1bd876f e-con-full e-flex e-con e-child\" data-id=\"1bd876f\" data-element_type=\"container\" data-settings=\"{&quot;jet_parallax_layout_list&quot;:[]}\">\n\t\t\t\t<div class=\"elementor-element elementor-element-41dcb28 elementor-widget elementor-widget-image\" data-id=\"41dcb28\" data-element_type=\"widget\" data-widget_type=\"image.default\">\n\t\t\t\t<div class=\"elementor-widget-container\">\n\t\t\t\t\t\t\t\t\t\t\t\t\t\t\t<img decoding=\"async\" width=\"800\" height=\"452\" src=\"https:\/\/maisonavendreauportugal.fr\/wp-content\/uploads\/2025\/02\/maison-avec-piscine-1024x579.webp\" class=\"attachment-large size-large wp-image-644\" alt=\"\" srcset=\"https:\/\/maisonavendreauportugal.fr\/wp-content\/uploads\/2025\/02\/maison-avec-piscine-1024x579.webp 1024w, https:\/\/maisonavendreauportugal.fr\/wp-content\/uploads\/2025\/02\/maison-avec-piscine-300x170.webp 300w, https:\/\/maisonavendreauportugal.fr\/wp-content\/uploads\/2025\/02\/maison-avec-piscine-768x434.webp 768w, https:\/\/maisonavendreauportugal.fr\/wp-content\/uploads\/2025\/02\/maison-avec-piscine.webp 1472w\" sizes=\"(max-width: 800px) 100vw, 800px\" \/>\t\t\t\t\t\t\t\t\t\t\t\t\t\t\t<\/div>\n\t\t\t\t<\/div>\n\t\t\t\t<div class=\"elementor-element elementor-element-96032d9 elementor-widget elementor-widget-heading\" data-id=\"96032d9\" data-element_type=\"widget\" data-widget_type=\"heading.default\">\n\t\t\t\t<div class=\"elementor-widget-container\">\n\t\t\t\t\t<h2 class=\"elementor-heading-title elementor-size-default\">Location maison portugal avec piscine\n<\/h2>\t\t\t\t<\/div>\n\t\t\t\t<\/div>\n\t\t\t\t<div class=\"elementor-element elementor-element-3328b5c elementor-widget elementor-widget-button\" data-id=\"3328b5c\" data-element_type=\"widget\" data-widget_type=\"button.default\">\n\t\t\t\t<div class=\"elementor-widget-container\">\n\t\t\t\t\t\t\t\t\t<div class=\"elementor-button-wrapper\">\n\t\t\t\t\t<a class=\"elementor-button elementor-button-link elementor-size-sm\" href=\"https:\/\/maisonavendreauportugal.fr\/pt\/location-maison-portugal-avec-piscine\/\">\n\t\t\t\t\t\t<span class=\"elementor-button-content-wrapper\">\n\t\t\t\t\t\t\t\t\t<span class=\"elementor-button-text\">En savoir plus<\/span>\n\t\t\t\t\t<\/span>\n\t\t\t\t\t<\/a>\n\t\t\t\t<\/div>\n\t\t\t\t\t\t\t\t<\/div>\n\t\t\t\t<\/div>\n\t\t\t\t<\/div>\n\t\t<div class=\"elementor-element elementor-element-749a2ba e-con-full e-flex e-con e-child\" data-id=\"749a2ba\" data-element_type=\"container\" data-settings=\"{&quot;jet_parallax_layout_list&quot;:[]}\">\n\t\t\t\t<div class=\"elementor-element elementor-element-ca13f31 elementor-widget elementor-widget-image\" data-id=\"ca13f31\" data-element_type=\"widget\" data-widget_type=\"image.default\">\n\t\t\t\t<div class=\"elementor-widget-container\">\n\t\t\t\t\t\t\t\t\t\t\t\t\t\t\t<img decoding=\"async\" width=\"800\" height=\"800\" src=\"https:\/\/maisonavendreauportugal.fr\/wp-content\/uploads\/2025\/02\/agence-immobiliere-au-portugal-1024x1024.webp\" class=\"attachment-large size-large wp-image-648\" alt=\"\" srcset=\"https:\/\/maisonavendreauportugal.fr\/wp-content\/uploads\/2025\/02\/agence-immobiliere-au-portugal-1024x1024.webp 1024w, https:\/\/maisonavendreauportugal.fr\/wp-content\/uploads\/2025\/02\/agence-immobiliere-au-portugal-300x300.webp 300w, https:\/\/maisonavendreauportugal.fr\/wp-content\/uploads\/2025\/02\/agence-immobiliere-au-portugal-150x150.webp 150w, https:\/\/maisonavendreauportugal.fr\/wp-content\/uploads\/2025\/02\/agence-immobiliere-au-portugal-768x768.webp 768w, https:\/\/maisonavendreauportugal.fr\/wp-content\/uploads\/2025\/02\/agence-immobiliere-au-portugal.webp 1080w\" sizes=\"(max-width: 800px) 100vw, 800px\" \/>\t\t\t\t\t\t\t\t\t\t\t\t\t\t\t<\/div>\n\t\t\t\t<\/div>\n\t\t\t\t<div class=\"elementor-element elementor-element-4bcb25e elementor-widget elementor-widget-heading\" data-id=\"4bcb25e\" data-element_type=\"widget\" data-widget_type=\"heading.default\">\n\t\t\t\t<div class=\"elementor-widget-container\">\n\t\t\t\t\t<h2 class=\"elementor-heading-title elementor-size-default\">Agence immobili\u00e8re au Portugal\n<\/h2>\t\t\t\t<\/div>\n\t\t\t\t<\/div>\n\t\t\t\t<div class=\"elementor-element elementor-element-7fa75df elementor-widget elementor-widget-button\" data-id=\"7fa75df\" data-element_type=\"widget\" data-widget_type=\"button.default\">\n\t\t\t\t<div class=\"elementor-widget-container\">\n\t\t\t\t\t\t\t\t\t<div class=\"elementor-button-wrapper\">\n\t\t\t\t\t<a class=\"elementor-button elementor-button-link elementor-size-sm\" href=\"https:\/\/maisonavendreauportugal.fr\/pt\/agence-immobiliere-au-portugal\/\">\n\t\t\t\t\t\t<span class=\"elementor-button-content-wrapper\">\n\t\t\t\t\t\t\t\t\t<span class=\"elementor-button-text\">En savoir plus<\/span>\n\t\t\t\t\t<\/span>\n\t\t\t\t\t<\/a>\n\t\t\t\t<\/div>\n\t\t\t\t\t\t\t\t<\/div>\n\t\t\t\t<\/div>\n\t\t\t\t<\/div>\n\t\t\t\t\t<\/div>\n\t\t\t\t<\/div>\n\t\t<div class=\"elementor-element elementor-element-b18e8a5 services-blocks e-flex e-con-boxed e-con e-parent\" data-id=\"b18e8a5\" data-element_type=\"container\" data-settings=\"{&quot;jet_parallax_layout_list&quot;:[]}\">\n\t\t\t\t\t<div class=\"e-con-inner\">\n\t\t<div class=\"elementor-element elementor-element-f3d39f0 e-con-full e-flex e-con e-child\" data-id=\"f3d39f0\" data-element_type=\"container\" data-settings=\"{&quot;jet_parallax_layout_list&quot;:[]}\">\n\t\t\t\t<div class=\"elementor-element elementor-element-134afea elementor-widget elementor-widget-image\" data-id=\"134afea\" data-element_type=\"widget\" data-widget_type=\"image.default\">\n\t\t\t\t<div class=\"elementor-widget-container\">\n\t\t\t\t\t\t\t\t\t\t\t\t\t\t\t<img loading=\"lazy\" decoding=\"async\" width=\"800\" height=\"452\" src=\"https:\/\/maisonavendreauportugal.fr\/wp-content\/uploads\/2025\/02\/Appartement-a-vendre-au-portugal-1024x579.webp\" class=\"attachment-large size-large wp-image-608\" alt=\"\" srcset=\"https:\/\/maisonavendreauportugal.fr\/wp-content\/uploads\/2025\/02\/Appartement-a-vendre-au-portugal-1024x579.webp 1024w, https:\/\/maisonavendreauportugal.fr\/wp-content\/uploads\/2025\/02\/Appartement-a-vendre-au-portugal-300x170.webp 300w, https:\/\/maisonavendreauportugal.fr\/wp-content\/uploads\/2025\/02\/Appartement-a-vendre-au-portugal-768x434.webp 768w, https:\/\/maisonavendreauportugal.fr\/wp-content\/uploads\/2025\/02\/Appartement-a-vendre-au-portugal.webp 1472w\" sizes=\"(max-width: 800px) 100vw, 800px\" \/>\t\t\t\t\t\t\t\t\t\t\t\t\t\t\t<\/div>\n\t\t\t\t<\/div>\n\t\t\t\t<div class=\"elementor-element elementor-element-c84c345 elementor-widget elementor-widget-heading\" data-id=\"c84c345\" data-element_type=\"widget\" data-widget_type=\"heading.default\">\n\t\t\t\t<div class=\"elementor-widget-container\">\n\t\t\t\t\t<h2 class=\"elementor-heading-title elementor-size-default\">\u00c0 vendre appartement Portugal<\/h2>\t\t\t\t<\/div>\n\t\t\t\t<\/div>\n\t\t\t\t<div class=\"elementor-element elementor-element-cf129e2 elementor-widget elementor-widget-button\" data-id=\"cf129e2\" data-element_type=\"widget\" data-widget_type=\"button.default\">\n\t\t\t\t<div class=\"elementor-widget-container\">\n\t\t\t\t\t\t\t\t\t<div class=\"elementor-button-wrapper\">\n\t\t\t\t\t<a class=\"elementor-button elementor-button-link elementor-size-sm\" href=\"https:\/\/maisonavendreauportugal.fr\/pt\/a-vendre-appartement-portugal\/\">\n\t\t\t\t\t\t<span class=\"elementor-button-content-wrapper\">\n\t\t\t\t\t\t\t\t\t<span class=\"elementor-button-text\">En savoir plus<\/span>\n\t\t\t\t\t<\/span>\n\t\t\t\t\t<\/a>\n\t\t\t\t<\/div>\n\t\t\t\t\t\t\t\t<\/div>\n\t\t\t\t<\/div>\n\t\t\t\t<\/div>\n\t\t<div class=\"elementor-element elementor-element-dc9b9fb e-con-full e-flex e-con e-child\" data-id=\"dc9b9fb\" data-element_type=\"container\" data-settings=\"{&quot;jet_parallax_layout_list&quot;:[]}\">\n\t\t\t\t<div class=\"elementor-element elementor-element-c2d2afa elementor-widget elementor-widget-image\" data-id=\"c2d2afa\" data-element_type=\"widget\" data-widget_type=\"image.default\">\n\t\t\t\t<div class=\"elementor-widget-container\">\n\t\t\t\t\t\t\t\t\t\t\t\t\t\t\t<img loading=\"lazy\" decoding=\"async\" width=\"800\" height=\"800\" src=\"https:\/\/maisonavendreauportugal.fr\/wp-content\/uploads\/2025\/02\/Vente-Maison-Portugal-Bord-de-Mer-Pas-Cher-1-1024x1024.webp\" class=\"attachment-large size-large wp-image-647\" alt=\"\" srcset=\"https:\/\/maisonavendreauportugal.fr\/wp-content\/uploads\/2025\/02\/Vente-Maison-Portugal-Bord-de-Mer-Pas-Cher-1-1024x1024.webp 1024w, https:\/\/maisonavendreauportugal.fr\/wp-content\/uploads\/2025\/02\/Vente-Maison-Portugal-Bord-de-Mer-Pas-Cher-1-300x300.webp 300w, https:\/\/maisonavendreauportugal.fr\/wp-content\/uploads\/2025\/02\/Vente-Maison-Portugal-Bord-de-Mer-Pas-Cher-1-150x150.webp 150w, https:\/\/maisonavendreauportugal.fr\/wp-content\/uploads\/2025\/02\/Vente-Maison-Portugal-Bord-de-Mer-Pas-Cher-1-768x768.webp 768w, https:\/\/maisonavendreauportugal.fr\/wp-content\/uploads\/2025\/02\/Vente-Maison-Portugal-Bord-de-Mer-Pas-Cher-1.webp 1080w\" sizes=\"(max-width: 800px) 100vw, 800px\" \/>\t\t\t\t\t\t\t\t\t\t\t\t\t\t\t<\/div>\n\t\t\t\t<\/div>\n\t\t\t\t<div class=\"elementor-element elementor-element-883fbb2 elementor-widget elementor-widget-heading\" data-id=\"883fbb2\" data-element_type=\"widget\" data-widget_type=\"heading.default\">\n\t\t\t\t<div class=\"elementor-widget-container\">\n\t\t\t\t\t<h2 class=\"elementor-heading-title elementor-size-default\">Vente maison Portugal bord de mer pas cher\n<\/h2>\t\t\t\t<\/div>\n\t\t\t\t<\/div>\n\t\t\t\t<div class=\"elementor-element elementor-element-bd4b93e elementor-widget elementor-widget-button\" data-id=\"bd4b93e\" data-element_type=\"widget\" data-widget_type=\"button.default\">\n\t\t\t\t<div class=\"elementor-widget-container\">\n\t\t\t\t\t\t\t\t\t<div class=\"elementor-button-wrapper\">\n\t\t\t\t\t<a class=\"elementor-button elementor-button-link elementor-size-sm\" href=\"https:\/\/maisonavendreauportugal.fr\/pt\/vente-maison-portugal-bord-de-mer-pas-cher\/\">\n\t\t\t\t\t\t<span class=\"elementor-button-content-wrapper\">\n\t\t\t\t\t\t\t\t\t<span class=\"elementor-button-text\">En savoir plus<\/span>\n\t\t\t\t\t<\/span>\n\t\t\t\t\t<\/a>\n\t\t\t\t<\/div>\n\t\t\t\t\t\t\t\t<\/div>\n\t\t\t\t<\/div>\n\t\t\t\t<\/div>\n\t\t\t\t\t<\/div>\n\t\t\t\t<\/div>\n\t\t\t\t<\/div>","protected":false},"excerpt":{"rendered":"<p>Th\u00e9matiques D\u00e9couvrez nos cat\u00e9gories principales Nos Th\u00e8mes Prix au Portugal En savoir plus Location maison portugal avec piscine En savoir plus Agence immobili\u00e8re au Portugal En savoir plus \u00c0 vendre appartement Portugal En savoir plus Vente maison Portugal bord de mer pas cher En savoir plus<\/p>","protected":false},"author":6,"featured_media":0,"parent":0,"menu_order":0,"comment_status":"closed","ping_status":"closed","template":"","meta":{"footnotes":""},"class_list":["post-662","page","type-page","status-publish","hentry"],"_links":{"self":[{"href":"https:\/\/maisonavendreauportugal.fr\/pt\/wp-json\/wp\/v2\/pages\/662","targetHints":{"allow":["GET"]}}],"collection":[{"href":"https:\/\/maisonavendreauportugal.fr\/pt\/wp-json\/wp\/v2\/pages"}],"about":[{"href":"https:\/\/maisonavendreauportugal.fr\/pt\/wp-json\/wp\/v2\/types\/page"}],"author":[{"embeddable":true,"href":"https:\/\/maisonavendreauportugal.fr\/pt\/wp-json\/wp\/v2\/users\/6"}],"replies":[{"embeddable":true,"href":"https:\/\/maisonavendreauportugal.fr\/pt\/wp-json\/wp\/v2\/comments?post=662"}],"version-history":[{"count":6,"href":"https:\/\/maisonavendreauportugal.fr\/pt\/wp-json\/wp\/v2\/pages\/662\/revisions"}],"predecessor-version":[{"id":1233,"href":"https:\/\/maisonavendreauportugal.fr\/pt\/wp-json\/wp\/v2\/pages\/662\/revisions\/1233"}],"wp:attachment":[{"href":"https:\/\/maisonavendreauportugal.fr\/pt\/wp-json\/wp\/v2\/media?parent=662"}],"curies":[{"name":"wp","href":"https:\/\/api.w.org\/{rel}","templated":true}]}}