{"id":723,"date":"2025-02-19T14:32:52","date_gmt":"2025-02-19T17:32:52","guid":{"rendered":"https:\/\/maisonavendreauportugal.fr\/?page_id=723"},"modified":"2025-02-20T14:11:13","modified_gmt":"2025-02-20T17:11:13","slug":"mentions-legales","status":"publish","type":"page","link":"https:\/\/maisonavendreauportugal.fr\/pt\/mentions-legales\/","title":{"rendered":"Mentions l\u00e9gales"},"content":{"rendered":"<div data-elementor-type=\"wp-page\" data-elementor-id=\"723\" class=\"elementor elementor-723\" data-elementor-post-type=\"page\">\n\t\t\t\t<div class=\"elementor-element elementor-element-46a0c73 e-flex e-con-boxed e-con e-parent\" data-id=\"46a0c73\" data-element_type=\"container\" data-settings=\"{&quot;jet_parallax_layout_list&quot;:[]}\">\n\t\t\t\t\t<div class=\"e-con-inner\">\n\t\t\t\t<div class=\"elementor-element elementor-element-0e76fad elementor-widget elementor-widget-text-editor\" data-id=\"0e76fad\" data-element_type=\"widget\" data-widget_type=\"text-editor.default\">\n\t\t\t\t<div class=\"elementor-widget-container\">\n\t\t\t\t\t\t\t\t\t<p class=\"font_8 wixui-rich-text__text\"><span class=\"wixui-rich-text__text\"><span class=\"color_14 wixui-rich-text__text\">EDITEUR \/ DIRECTEUR DE PUBLICATION<\/span><\/span><\/p><p>Tiago Gomes<\/p><p class=\"font_8 wixui-rich-text__text\"><span style=\"font-family: var( --e-global-typography-text-font-family ), Sans-serif; font-weight: var( --e-global-typography-text-font-weight ); text-align: var(--text-align); font-size: 1rem;\">Maison \u00e0 vendre au Portugal<\/span><\/p><p class=\"font_8 wixui-rich-text__text\"><span style=\"font-family: var( --e-global-typography-text-font-family ), Sans-serif; font-weight: var( --e-global-typography-text-font-weight ); text-align: var(--text-align); font-size: 1rem;\">5, impasse de l&rsquo;Ouest 13003 &#8211; MARSEILLE<\/span><\/p><p class=\"font_8 wixui-rich-text__text\"><span class=\"wixui-rich-text__text\"><span class=\"color_14 wixui-rich-text__text\">France<\/span><\/span><\/p><p class=\"font_8 wixui-rich-text__text\"><span class=\"wixui-rich-text__text\"><span class=\"color_14 wixui-rich-text__text\">T\u00e9l : 06 09 59 29 88<\/span><\/span><\/p><p class=\"font_8 wixui-rich-text__text\"><span class=\"wixui-rich-text__text\"><span class=\"color_14 wixui-rich-text__text\">Email : maisonavendreauportugal@gmail.com<\/span><\/span><\/p><p class=\"font_8 wixui-rich-text__text\"><span class=\"wixui-rich-text__text\"><span class=\"color_14 wixui-rich-text__text\">No. Siret : 89021342400017<\/span><\/span><\/p><p class=\"font_8 wixui-rich-text__text\"><span class=\"wixui-rich-text__text\"><span class=\"color_14 wixui-rich-text__text\">Immatriculation RCS Marseille\u00a0<\/span><\/span><\/p><p class=\"font_8 wixui-rich-text__text\"><span class=\"wixui-rich-text__text\"><span class=\"color_14 wixui-rich-text__text\">TVA non-applicable (Article 293B du Code G\u00e9n\u00e9ral des Imp\u00f4ts)<\/span><\/span><\/p><p class=\"font_8 wixui-rich-text__text\"><span class=\"wixui-rich-text__text\"><span class=\"color_14 wixui-rich-text__text\">FOURNISSEUR D&rsquo;HEBERGEMENT<\/span><\/span><\/p><p class=\"font_8 wixui-rich-text__text\"><span class=\"wixui-rich-text__text\"><span class=\"color_14 wixui-rich-text__text\">VULTR<br class=\"wixui-rich-text__text\" \/>VULTR.com \u00a0319 Clematis Street \u2013 Suite 900, West Palm Beach<br class=\"wixui-rich-text__text\" \/>T\u00e9l\u00e9phone :\u00a0<\/span><\/span><\/p><p class=\"font_8 wixui-rich-text__text\"><span class=\"wixui-rich-text__text\"><span class=\"color_14 wixui-rich-text__text\">INFORMATIQUE &amp; LIBERTE<\/span><\/span><\/p><p class=\"font_8 wixui-rich-text__text\"><span class=\"wixui-rich-text__text\"><span class=\"color_14 wixui-rich-text__text\">Les donn\u00e9es personnelles collect\u00e9es sur le site ne seront en aucun cas distribu\u00e9es \u00e0 des tiers, ni vendues, ni lou\u00e9es, ni pr\u00eat\u00e9es. Au regard des dispositions du R\u00e8glement G\u00e9n\u00e9ral sur la Protection des Donn\u00e9es (RGPD) entr\u00e9es en vigueur le 25 mai 2018, les sites web ne font plus l\u2019objet d\u2019une d\u00e9claration aupr\u00e8s de la Commission Nationale de l\u2019Informatique et des Libert\u00e9s (<a class=\"wixui-rich-text__text\" href=\"http:\/\/www.cnil.fr\/\" target=\"_blank\" rel=\"noreferrer noopener\">www.cnil.fr<\/a>). L\u2019utilisateur est inform\u00e9 que les informations qu\u2019il communique par le biais des formulaires pr\u00e9sents sur le site sont n\u00e9cessaires pour r\u00e9pondre \u00e0 sa demande et sont destin\u00e9es \u00e0 l\u2019\u00e9diteur du site.<\/span><\/span><\/p><p class=\"font_8 wixui-rich-text__text\"><span class=\"wixui-rich-text__text\"><span class=\"color_14 wixui-rich-text__text\">Conform\u00e9ment \u00e0 la loi, vous b\u00e9n\u00e9ficiez d\u2019un droit d\u2019acc\u00e8s et de rectification aux informations qui vous concernent, ainsi que d\u2019un droit d\u2019opposition au traitement de vos donn\u00e9es pour des motifs l\u00e9gitimes. Vous pouvez exercer l\u2019ensemble de ces droits aupr\u00e8s de l\u2019\u00e9diteur du site.<\/span><\/span><\/p><p class=\"font_8 wixui-rich-text__text\"><span class=\"wixui-rich-text__text\"><span class=\"color_14 wixui-rich-text__text\">Aucune information personnelle de l&rsquo;utilisateur du site n&rsquo;est publi\u00e9e \u00e0 l&rsquo;insu de l&rsquo;utilisateur, \u00e9chang\u00e9e, transf\u00e9r\u00e9e, c\u00e9d\u00e9e ou vendue sur un support quelconque \u00e0 des tiers.<\/span><\/span><\/p><p class=\"font_8 wixui-rich-text__text\"><span class=\"wixui-rich-text__text\"><span class=\"color_14 wixui-rich-text__text\">PROPRIETE INTELLECTUELLE<\/span><\/span><\/p><p class=\"font_8 wixui-rich-text__text\"><span class=\"wixui-rich-text__text\"><span class=\"color_14 wixui-rich-text__text\">La structure g\u00e9n\u00e9rale ainsi que les textes, images et vid\u00e9os, son savoir-faire et tous les autres \u00e9l\u00e9ments composant le site sont la propri\u00e9t\u00e9 exclusive de l\u2019\u00e9diteur du site, sauf mention contraire.<\/span><\/span><\/p><p class=\"font_8 wixui-rich-text__text\"><span class=\"wixui-rich-text__text\"><span class=\"color_14 wixui-rich-text__text\">Toute repr\u00e9sentation totale ou partielle de ce site par quelle que personne que ce soit, sans l\u2019autorisation expresse de l\u2019\u00e9diteur est interdite et constituerait une contrefa\u00e7on sanctionn\u00e9e par les articles L. 335-2 et suivants du Code de la propri\u00e9t\u00e9 intellectuelle. Cela dit, conform\u00e9ment \u00e0 l\u2019article L. 122-5 du Code de la propri\u00e9t\u00e9 intellectuelle, les courtes citations du contenu sont autoris\u00e9es, sous r\u00e9serve que soient indiqu\u00e9s clairement le nom de l\u2019auteur et de la source, par un lien vers une des pages de ce site web.<\/span><\/span><\/p><p class=\"font_8 wixui-rich-text__text\"><span class=\"wixui-rich-text__text\"><span class=\"color_14 wixui-rich-text__text\">ANALYSE DU TRAFIC<\/span><\/span><\/p><p class=\"font_8 wixui-rich-text__text\"><span class=\"wixui-rich-text__text\"><span class=\"color_14 wixui-rich-text__text\">Ce site utilise Google Analytics, un service d\u2019analyse du trafic de site internet fourni par Google. Google Analytics utilise des cookies, qui sont des fichiers textes h\u00e9berg\u00e9s sur votre ordinateur, pour aider le site internet \u00e0 analyser l\u2019utilisation du site par ses utilisateurs. Les donn\u00e9es g\u00e9n\u00e9r\u00e9es par les cookies concernant votre utilisation du site (y compris votre adresse IP) sont transmises et stock\u00e9es par Google sur des serveurs situ\u00e9s aux Etats-Unis. Google utilise ces informations dans le but d\u2019\u00e9valuer l\u2019utilisation du site par ses visiteurs, de compiler des rapports sur l\u2019activit\u00e9 du site \u00e0 destination de son \u00e9diteur et de fournir d\u2019autres services relatifs \u00e0 l\u2019activit\u00e9 du site et \u00e0 l\u2019utilisation d\u2019Internet. Google est susceptible de communiquer ces donn\u00e9es \u00e0 des tiers en cas d\u2019obligation l\u00e9gale ou lorsque ces tiers traitent ces donn\u00e9es pour le compte de Google, y compris notamment l\u2019\u00e9diteur de ce site. Google s\u2019engage \u00e0 ne jamais recouper votre adresse IP avec toute autre donn\u00e9e d\u00e9tenue par Google. Vous pouvez d\u00e9sactiver l\u2019utilisation de cookies en s\u00e9lectionnant les param\u00e8tres appropri\u00e9s de votre navigateur. Cependant, une telle d\u00e9sactivation pourrait emp\u00eacher l\u2019utilisation de certaines fonctionnalit\u00e9s de ce site. En utilisant ce site Web, vous acceptez que Google traite des donn\u00e9es vous concernant de la mani\u00e8re et aux fins d\u00e9crites ci-dessus.<\/span><\/span><\/p><p class=\"font_8 wixui-rich-text__text\"><span class=\"wixui-rich-text__text\"><span class=\"color_14 wixui-rich-text__text\">RESPONSABILITE<\/span><\/span><\/p><p class=\"font_8 wixui-rich-text__text\"><span class=\"wixui-rich-text__text\"><span class=\"color_14 wixui-rich-text__text\">Tiago Gomes \/ MAISON A VENDRE AU PORTUGAL\u00a0 d\u00e9cline toute responsabilit\u00e9 quant aux \u00e9ventuels dysfonctionnements pouvant survenir sur le site et entra\u00eener une perte de donn\u00e9es ou une indisponibilit\u00e9 de l\u2019acc\u00e8s aux informations produites sur celui-ci. Il ne peut garantir l\u2019exhaustivit\u00e9 et la v\u00e9racit\u00e9 des informations pr\u00e9sentes sur le site ainsi que l\u2019absence de modification par un tiers (intrusion, virus). L\u2019internaute est seul responsable de l\u2019utilisation qu\u2019il fait du contenu du site.<\/span><\/span><\/p><p class=\"font_8 wixui-rich-text__text\"><span class=\"wixui-rich-text__text\"><span class=\"color_14 wixui-rich-text__text\">Les \u00e9l\u00e9ments pr\u00e9sent\u00e9s sur le site sont susceptibles de modification sans pr\u00e9avis et sont mis \u00e0 la disposition des internautes, sans aucune garantie d\u2019aucune sorte, expresse ou tacite.<\/span><\/span><\/p><p class=\"font_8 wixui-rich-text__text\"><span class=\"wixui-rich-text__text\"><span class=\"color_14 wixui-rich-text__text\">La pr\u00e9sence de liens hypertextes pr\u00e9sents sur le site ne cr\u00e9e pas une solidarit\u00e9 de responsabilit\u00e9 entre\u00a0<a href=\"https:\/\/maisonavendreauportugal.fr\/pt\/\" target=\"_blank\" rel=\"noopener\">www.maisonavendreauportugal.fr<\/a>\u00a0et les propri\u00e9taires des autres sites, quant au contenu des sites sur lesquels est redirig\u00e9 l\u2019internaute.<\/span><\/span><\/p><p class=\"font_8 wixui-rich-text__text\">\u00a0<\/p>\t\t\t\t\t\t\t\t<\/div>\n\t\t\t\t<\/div>\n\t\t\t\t\t<\/div>\n\t\t\t\t<\/div>\n\t\t\t\t<\/div>","protected":false},"excerpt":{"rendered":"<p>EDITEUR \/ DIRECTEUR DE PUBLICATION Tiago Gomes Maison \u00e0 vendre au Portugal 5, impasse de l&rsquo;Ouest 13003 &#8211; MARSEILLE France T\u00e9l : 06 09 59 29 88 Email : maisonavendreauportugal@gmail.com No. Siret : 89021342400017 Immatriculation RCS Marseille\u00a0 TVA non-applicable (Article 293B du Code G\u00e9n\u00e9ral des Imp\u00f4ts) FOURNISSEUR D&rsquo;HEBERGEMENT VULTRVULTR.com \u00a0319 Clematis Street \u2013 Suite 900, [&hellip;]<\/p>","protected":false},"author":6,"featured_media":0,"parent":0,"menu_order":0,"comment_status":"closed","ping_status":"closed","template":"","meta":{"footnotes":""},"class_list":["post-723","page","type-page","status-publish","hentry"],"_links":{"self":[{"href":"https:\/\/maisonavendreauportugal.fr\/pt\/wp-json\/wp\/v2\/pages\/723","targetHints":{"allow":["GET"]}}],"collection":[{"href":"https:\/\/maisonavendreauportugal.fr\/pt\/wp-json\/wp\/v2\/pages"}],"about":[{"href":"https:\/\/maisonavendreauportugal.fr\/pt\/wp-json\/wp\/v2\/types\/page"}],"author":[{"embeddable":true,"href":"https:\/\/maisonavendreauportugal.fr\/pt\/wp-json\/wp\/v2\/users\/6"}],"replies":[{"embeddable":true,"href":"https:\/\/maisonavendreauportugal.fr\/pt\/wp-json\/wp\/v2\/comments?post=723"}],"version-history":[{"count":7,"href":"https:\/\/maisonavendreauportugal.fr\/pt\/wp-json\/wp\/v2\/pages\/723\/revisions"}],"predecessor-version":[{"id":746,"href":"https:\/\/maisonavendreauportugal.fr\/pt\/wp-json\/wp\/v2\/pages\/723\/revisions\/746"}],"wp:attachment":[{"href":"https:\/\/maisonavendreauportugal.fr\/pt\/wp-json\/wp\/v2\/media?parent=723"}],"curies":[{"name":"wp","href":"https:\/\/api.w.org\/{rel}","templated":true}]}}