{"id":730,"date":"2025-02-19T14:54:23","date_gmt":"2025-02-19T17:54:23","guid":{"rendered":"https:\/\/maisonavendreauportugal.fr\/?page_id=730"},"modified":"2025-02-19T15:01:17","modified_gmt":"2025-02-19T18:01:17","slug":"politique-de-protection-des-donnees-personnelles-rgpd","status":"publish","type":"page","link":"https:\/\/maisonavendreauportugal.fr\/pt\/politique-de-protection-des-donnees-personnelles-rgpd\/","title":{"rendered":"Politique de Protection des Donn\u00e9es Personnelles (RGPD)"},"content":{"rendered":"<div data-elementor-type=\"wp-page\" data-elementor-id=\"730\" class=\"elementor elementor-730\" data-elementor-post-type=\"page\">\n\t\t\t\t<div class=\"elementor-element elementor-element-13d7a66 e-flex e-con-boxed e-con e-parent\" data-id=\"13d7a66\" data-element_type=\"container\" data-settings=\"{&quot;jet_parallax_layout_list&quot;:[]}\">\n\t\t\t\t\t<div class=\"e-con-inner\">\n\t\t\t\t<div class=\"elementor-element elementor-element-8ece213 elementor-widget elementor-widget-text-editor\" data-id=\"8ece213\" data-element_type=\"widget\" data-widget_type=\"text-editor.default\">\n\t\t\t\t<div class=\"elementor-widget-container\">\n\t\t\t\t\t\t\t\t\t<p><\/p><p>Chez <b>Maisonavendreauportugal<\/b>, nous attachons une grande importance \u00e0 la confidentialit\u00e9 de vos donn\u00e9es personnelles. Cette page d\u00e9crit comment nous collectons, utilisons et prot\u00e9geons vos informations conform\u00e9ment au\u00a0<strong>R\u00e8glement G\u00e9n\u00e9ral sur la Protection des Donn\u00e9es (RGPD)<\/strong>.<\/p><p> <\/p><h4 class=\"wp-block-heading\"><strong>1. Responsable du traitement des donn\u00e9es<\/strong><\/h4><p> <\/p><p>Le responsable du traitement est :<\/p><p>Tiago Gomes\/<br \/><strong>Maison a vendre au Portugal<\/strong><br \/>Adresse : 5 impasse de l&rsquo;Ouest 13003, Marseille<br \/>Email : maisonavendreauportugal<a>@gmail.com.<\/a><\/p><p>Portable:+33 0745766478<\/p><p> <\/p><h4 class=\"wp-block-heading\"><strong>2. Donn\u00e9es collect\u00e9es<\/strong><\/h4><p> <\/p><p>Nous collectons :<\/p><p> <\/p><ul class=\"wp-block-list\"><li style=\"list-style-type: none;\"><ul><li style=\"list-style-type: none;\"><ul><\/ul><\/li><\/ul><p>\u00a0<\/p><ul><li><strong>Donn\u00e9es d\u2019identit\u00e9<\/strong>\u00a0(nom, pr\u00e9nom).<\/li><\/ul><\/li><\/ul><p> <\/p><ul><li style=\"list-style-type: none;\"><ul><li><strong>Coordonn\u00e9es<\/strong>\u00a0(email, t\u00e9l\u00e9phone).<\/li><\/ul><\/li><\/ul><p> <\/p><ul><li style=\"list-style-type: none;\"><ul><li><strong>Donn\u00e9es li\u00e9es aux services<\/strong>\u00a0(pr\u00e9f\u00e9rences, rendez-vous).<\/li><\/ul><\/li><\/ul><p> <\/p><ul><li style=\"list-style-type: none;\"><ul><li><strong>Donn\u00e9es techniques<\/strong>\u00a0(cookies et adresses IP).<\/li><\/ul><\/li><\/ul><p><\/p><p> <\/p><h4 class=\"wp-block-heading\"><strong>3. Finalit\u00e9s du traitement<\/strong><\/h4><p> <\/p><p>Les donn\u00e9es collect\u00e9es servent \u00e0 :<\/p><p> <\/p><ul class=\"wp-block-list\"><li style=\"list-style-type: none;\"><ul><li style=\"list-style-type: none;\"><ul><\/ul><\/li><\/ul><p>\u00a0<\/p><ul><li>G\u00e9rer vos demandes via le formulaire de contact.<\/li><\/ul><\/li><\/ul><p> <\/p><ul><li style=\"list-style-type: none;\"><ul><li>Personnaliser nos services.<\/li><\/ul><\/li><\/ul><p> <\/p><ul><li style=\"list-style-type: none;\"><ul><li>Respecter les obligations l\u00e9gales.<\/li><\/ul><\/li><\/ul><p> <\/p><ul><li style=\"list-style-type: none;\"><ul><li>Analyser et am\u00e9liorer l\u2019exp\u00e9rience utilisateur (cookies).<\/li><\/ul><\/li><\/ul><p><\/p><p> <\/p><h4 class=\"wp-block-heading\"><strong>4. Bases l\u00e9gales<\/strong><\/h4><p> <\/p><p>Nous traitons vos donn\u00e9es sur les bases suivantes :<\/p><p> <\/p><ul class=\"wp-block-list\"><li style=\"list-style-type: none;\"><ul><li style=\"list-style-type: none;\"><ul><\/ul><\/li><\/ul><p>\u00a0<\/p><ul><li><strong>Consentement<\/strong>\u00a0pour les formulaires et cookies.<\/li><\/ul><\/li><\/ul><p><\/p><p> <\/p><h4 class=\"wp-block-heading\"><strong>5. Droits des utilisateurs<\/strong><\/h4><p> <\/p><p>Conform\u00e9ment au RGPD, vous disposez des droits suivants :<\/p><p> <\/p><ul class=\"wp-block-list\"><li style=\"list-style-type: none;\"><ul><li style=\"list-style-type: none;\"><ul><\/ul><\/li><\/ul><p>\u00a0<\/p><ul><li><strong>Acc\u00e8s<\/strong>\u00a0\u00e0 vos donn\u00e9es personnelles.<\/li><\/ul><\/li><\/ul><p> <\/p><ul><li style=\"list-style-type: none;\"><ul><li><strong>Rectification<\/strong>\u00a0ou mise \u00e0 jour de vos informations.<\/li><\/ul><\/li><\/ul><p> <\/p><ul><li style=\"list-style-type: none;\"><ul><li><strong>Effacement<\/strong>\u00a0de vos donn\u00e9es (sous conditions).<\/li><\/ul><\/li><\/ul><p> <\/p><ul><li style=\"list-style-type: none;\"><ul><li><strong>Opposition<\/strong>\u00a0au traitement de vos donn\u00e9es.<\/li><\/ul><\/li><\/ul><p> <\/p><ul><li style=\"list-style-type: none;\"><ul><li><strong>Portabilit\u00e9<\/strong>\u00a0de vos donn\u00e9es.<\/li><\/ul><\/li><\/ul><p><\/p><p> <\/p><p>Pour exercer vos droits, contactez-nous \u00e0\u00a0<a>kinesculpt.contact@gmail.com<\/a>.<\/p><p> <\/p><h4 class=\"wp-block-heading\"><strong>6. Conservation des donn\u00e9es<\/strong><\/h4><p> <\/p><p>Vos donn\u00e9es sont conserv\u00e9es :<\/p><p> <\/p><ul class=\"wp-block-list\"><li style=\"list-style-type: none;\"><ul><li style=\"list-style-type: none;\"><ul><\/ul><\/li><\/ul><p>\u00a0<\/p><ul><li><strong>3 ans<\/strong>\u00a0pour les donn\u00e9es marketing.<\/li><\/ul><\/li><\/ul><p> <\/p><ul><li style=\"list-style-type: none;\"><ul><li><strong>10 ans<\/strong>\u00a0pour les obligations l\u00e9gales (facturation).<\/li><\/ul><\/li><\/ul><p><\/p><p> <\/p><h4 class=\"wp-block-heading\"><strong>7. S\u00e9curit\u00e9 des donn\u00e9es<\/strong><\/h4><p> <\/p><p>Nous utilisons des mesures techniques et organisationnelles pour prot\u00e9ger vos donn\u00e9es contre les acc\u00e8s non autoris\u00e9s, la perte ou l\u2019alt\u00e9ration.<\/p><p> <\/p><h4 class=\"wp-block-heading\"><strong>8. Partage des donn\u00e9es<\/strong><\/h4><p> <\/p><p>Vos donn\u00e9es ne sont pas vendues. Elles peuvent \u00eatre transmises \u00e0 des prestataires (h\u00e9bergement, paiement) respectant le RGPD.<\/p><p> <\/p><h4 class=\"wp-block-heading\"><strong>9. Cookies<\/strong><\/h4><p> <\/p><p>Nous utilisons des cookies pour am\u00e9liorer l\u2019exp\u00e9rience utilisateur. Vous pouvez les g\u00e9rer ou d\u00e9sactiver via les param\u00e8tres de votre navigateur.<\/p><p> <\/p><p><strong>Derni\u00e8re mise \u00e0 jour : [19\/02\/25].<\/strong><\/p><p> <\/p><p>Cette politique est sujette \u00e0 modifications. Nous vous invitons \u00e0 la consulter r\u00e9guli\u00e8rement.<\/p><p><\/p>\t\t\t\t\t\t\t\t<\/div>\n\t\t\t\t<\/div>\n\t\t\t\t\t<\/div>\n\t\t\t\t<\/div>\n\t\t\t\t<\/div>","protected":false},"excerpt":{"rendered":"<p>Chez Maisonavendreauportugal, nous attachons une grande importance \u00e0 la confidentialit\u00e9 de vos donn\u00e9es personnelles. Cette page d\u00e9crit comment nous collectons, utilisons et prot\u00e9geons vos informations conform\u00e9ment au\u00a0R\u00e8glement G\u00e9n\u00e9ral sur la Protection des Donn\u00e9es (RGPD). 1. Responsable du traitement des donn\u00e9es Le responsable du traitement est : Tiago Gomes\/Maison a vendre au PortugalAdresse : 5 impasse [&hellip;]<\/p>","protected":false},"author":6,"featured_media":0,"parent":0,"menu_order":0,"comment_status":"closed","ping_status":"closed","template":"","meta":{"footnotes":""},"class_list":["post-730","page","type-page","status-publish","hentry"],"_links":{"self":[{"href":"https:\/\/maisonavendreauportugal.fr\/pt\/wp-json\/wp\/v2\/pages\/730","targetHints":{"allow":["GET"]}}],"collection":[{"href":"https:\/\/maisonavendreauportugal.fr\/pt\/wp-json\/wp\/v2\/pages"}],"about":[{"href":"https:\/\/maisonavendreauportugal.fr\/pt\/wp-json\/wp\/v2\/types\/page"}],"author":[{"embeddable":true,"href":"https:\/\/maisonavendreauportugal.fr\/pt\/wp-json\/wp\/v2\/users\/6"}],"replies":[{"embeddable":true,"href":"https:\/\/maisonavendreauportugal.fr\/pt\/wp-json\/wp\/v2\/comments?post=730"}],"version-history":[{"count":7,"href":"https:\/\/maisonavendreauportugal.fr\/pt\/wp-json\/wp\/v2\/pages\/730\/revisions"}],"predecessor-version":[{"id":737,"href":"https:\/\/maisonavendreauportugal.fr\/pt\/wp-json\/wp\/v2\/pages\/730\/revisions\/737"}],"wp:attachment":[{"href":"https:\/\/maisonavendreauportugal.fr\/pt\/wp-json\/wp\/v2\/media?parent=730"}],"curies":[{"name":"wp","href":"https:\/\/api.w.org\/{rel}","templated":true}]}}